{"id":10678,"date":"2018-09-13T10:37:21","date_gmt":"2018-09-13T14:37:21","guid":{"rendered":"https:\/\/cegepadistance.ca\/?page_id=10678"},"modified":"2025-07-01T10:48:31","modified_gmt":"2025-07-01T14:48:31","slug":"off-to-a-good-start-and-introduction-and-instructions","status":"publish","type":"page","link":"https:\/\/cegepadistance.ca\/en\/home\/registered-students-access\/regulations-and-instructions\/off-to-a-good-start-and-introduction-and-instructions\/","title":{"rendered":"<i>Off to a Good Start!<\/i> and <i>Introduction and Instructions<\/i>"},"content":{"rendered":"<p><i><\/i><\/p>\n<h2>Off to a Good Start!<\/h2>\n<p><i><\/i><br \/>\n<img fetchpriority=\"high\" decoding=\"async\" src=\"\/wp-content\/uploads\/2023\/10\/GUI_Off_Good_Start.jpg\" alt=\"Off to a Good Start\" width=\"230\" height=\"298\"><\/p>\n<p>The brochure <i>Off to a Good Start!<\/i> explains the steps for beginning your studies at C\u00e9gep \u00e0 distance on the right foot and provides essential information you should keep handy while studying at C\u00e9gep \u00e0 distance.<\/p>\n<ul>\n<li><i>Off to a Good Start!<\/i> ( <a href=\"https:\/\/cegepadistance.ca\/wp-content\/uploads\/2024\/06\/GUI_Off_Good_Start_temporaire.pdf\" target=\"_blank\" rel=\"noopener noreferrer\">PDF<\/a> )<\/li>\n<\/ul>\n<p><i><\/i><\/p>\n<h2>Introduction and Instructions<\/h2>\n<p><i><\/i><br \/>\n<img decoding=\"async\" src=\"\/en\/wp-content\/uploads\/sites\/2\/2014\/06\/Introduction_and_Instructions_cover.png\" alt=\"img_introduction_and_instructions\" width=\"244\" height=\"298\"><\/p>\n<p><i>Introduction and Instructions<\/i> provides useful information and outlines the rules and procedures that will govern your studies at C\u00e9gep \u00e0 distance.<\/p>\n<ul>\n<ul>\n<li><em>Introduction and Instructions Guide \u2013 <strong>for registrations starting Fall 2025<\/strong><\/em> (<a href=\"https:\/\/cegepadistance.ca\/wp-content\/uploads\/2025\/06\/GUI_IntroductioInstructions_F2025.pdf\" target=\"_blank\" rel=\"noopener\">PDF<\/a>)<\/li>\n<li><em>Introduction and Instructions Guide \u2013 <strong>for registrations up to Summer 2025<\/strong><\/em> (<a href=\"https:\/\/cegepadistance.ca\/wp-content\/uploads\/2025\/05\/GUI_intro_instructions.pdf\" target=\"_blank\" rel=\"noopener\">PDF<\/a>)<\/li>\n<\/ul>\n<\/ul>\n","protected":false},"excerpt":{"rendered":"<p>Off to a Good Start! The brochure Off to a Good Start! explains the steps for beginning your studies at C\u00e9gep \u00e0 distance on the right foot and provides essential information you should keep handy while studying at C\u00e9gep \u00e0 distance. Off to a Good Start! ( ) Introduction and Instructions Introduction and Instructions provides [&hellip;]<\/p>\n","protected":false},"author":2,"featured_media":0,"parent":11217,"menu_order":1,"comment_status":"open","ping_status":"closed","template":"","meta":{"_acf_changed":false,"content-type":"","footnotes":""},"categories":[],"class_list":["post-10678","page","type-page","status-publish","hentry"],"acf":[],"publishpress_future_action":{"enabled":false,"date":"2026-04-16 07:56:18","action":"change-status","newStatus":"draft","terms":[],"taxonomy":"category","extraData":[]},"publishpress_future_workflow_manual_trigger":{"enabledWorkflows":[]},"_links":{"self":[{"href":"https:\/\/cegepadistance.ca\/en\/wp-json\/wp\/v2\/pages\/10678","targetHints":{"allow":["GET"]}}],"collection":[{"href":"https:\/\/cegepadistance.ca\/en\/wp-json\/wp\/v2\/pages"}],"about":[{"href":"https:\/\/cegepadistance.ca\/en\/wp-json\/wp\/v2\/types\/page"}],"author":[{"embeddable":true,"href":"https:\/\/cegepadistance.ca\/en\/wp-json\/wp\/v2\/users\/2"}],"replies":[{"embeddable":true,"href":"https:\/\/cegepadistance.ca\/en\/wp-json\/wp\/v2\/comments?post=10678"}],"version-history":[{"count":18,"href":"https:\/\/cegepadistance.ca\/en\/wp-json\/wp\/v2\/pages\/10678\/revisions"}],"predecessor-version":[{"id":21939,"href":"https:\/\/cegepadistance.ca\/en\/wp-json\/wp\/v2\/pages\/10678\/revisions\/21939"}],"up":[{"embeddable":true,"href":"https:\/\/cegepadistance.ca\/en\/wp-json\/wp\/v2\/pages\/11217"}],"wp:attachment":[{"href":"https:\/\/cegepadistance.ca\/en\/wp-json\/wp\/v2\/media?parent=10678"}],"wp:term":[{"taxonomy":"category","embeddable":true,"href":"https:\/\/cegepadistance.ca\/en\/wp-json\/wp\/v2\/categories?post=10678"}],"curies":[{"name":"wp","href":"https:\/\/api.w.org\/{rel}","templated":true}]}}