{"id":10734,"date":"2018-09-17T14:42:31","date_gmt":"2018-09-17T18:42:31","guid":{"rendered":"https:\/\/cegepadistance.ca\/?page_id=10734"},"modified":"2025-04-15T15:24:21","modified_gmt":"2025-04-15T19:24:21","slug":"alliance-sport-etudes","status":"publish","type":"page","link":"https:\/\/cegepadistance.ca\/en\/home\/studying-at-cegep-a-distance\/alliance-sport-etudes\/","title":{"rendered":"Alliance Sport-\u00c9tudes"},"content":{"rendered":"<p><img decoding=\"async\" src=\"\/wp-content\/uploads\/2025\/04\/ICON_ASE_2025_sans_bordure.png\" alt=\"Logo Alliance Sport-\u00c9tudes\" \/><\/p>\n<aside class=\"box\">C\u00e9gep \u00e0 distance is proud to be an affiliated member of Alliance Sport-\u00c9tudes and a partner of the Quebec Maritimes Junior Hockey League (QMJHL). By registering with Alliance Sport-\u00c9tudes, student-athletes can combine the demands of training, competitions and studies, while benefiting from adapted educational support services.<\/aside>\n<aside><\/aside>\n<aside class=\"box\"><span lang=\"EN-CA\">Alliance Sport-\u00c9tudes coordinates distance learning needs in conjunction with C\u00e9gep \u00e0 distance. In addition, special support is offered by C\u00e9gep \u00e0 distance to all QMJHL student-athletes registered for distance learning courses, even <i>commandite<\/i> students (students with reciprocal arrangement for visiting students authorizations).<\/span><\/aside>\n<aside><\/aside>\n<aside class=\"box\">\n<h2>Register with Alliance Sport-\u00c9tudes<\/h2>\n<p>To benefit from all the advantages of the sport-studies program while studying at C\u00e9gep \u00e0 distance, you must first have your eligibility validated by the Alliance Sport-\u00c9tudes.<\/p>\n<p><i>Already a member? If you are a student-athlete from Alliance Sport-\u00c9tudes and you would like to register for C\u00e9gep \u00e0 distance, <a href=\"\/en\/home\/application-and-registration\/registering-for-the-first-time-at-cegep-a-distance\/register-as-a-regular-student\/alliance-sport-etudes-student-athlete\/\">click here<\/a>.<\/i><\/p>\n<\/aside>\n<h2><span lang=\"EN-CA\">Succeed in sport and academically at the same time, it\u2019s possible!<\/span><\/h2>\n<p>Alliance Sport-\u00c9tudes has the mission of supporting the perseverance and success of high-level Quebec athletes who pursue higher education. More than 1,500 student-athletes from the QMJHL and 50 sports federations benefit from the services and benefits of Alliance Sport-\u00c9tudes each session.<\/p>\n<h2>Services<\/h2>\n<p><span lang=\"EN-CA\">Student-athletes registered in the Alliance Sport-\u00c9tudes program benefit from student-athlete status recognized in their educational establishment; this status allows them to receive educational support services adapted to their needs, such as:<\/span><\/p>\n<ul>\n<li><span lang=\"EN-CA\">privileged contact with the repondant sport-\u00e9tudes and teachers in order to benefit from adapted educational services;<\/span><\/li>\n<li><span lang=\"EN-CA\">the possibility of adapting their school schedule according to their sporting needs;<\/span><\/li>\n<li><span lang=\"EN-CA\">the possibility of taking courses with the C\u00e9gep \u00e0 distance and benefiting from individualized monitoring;<\/span><\/li>\n<li><span lang=\"EN-CA\">access to the Fondation Sport-\u00c9tudes scholarship program.<br \/>\n<\/span><\/li>\n<\/ul>\n<h2><b><span lang=\"EN\">Admission Requirements<\/span><\/b><\/h2>\n<p>To be eligible:<\/p>\n<ol>\n<li>Have been admitted to a college that is a member of Alliance Sport-\u00c9tudesAND<\/li>\n<li>A) Be identified as an high level athlete by their sports federation through the Ministry of Education.<br \/>\nB) Play on a team in the QMJHL, Junior AAA**, collegiate league**, M18 AAA, or on a professional team (NHL, AHL, ECHL, or European). For women&#8217;s hockey, be a member of a D1 team in the collegiate league aged 18 or younger (identified as prospects).<br \/>\nC) Play on a professional soccer team (MLS, CPL, European League), a semi-professional team (Quebec League1 or outside Quebec), or be on trials for a professional club (outside Quebec).<br \/>\nD) Be a referee member of the provincial elite officials program (PPOE), the provincial female elite officials program (PPFOE), or be invited to Hockey Quebec&#8217;s prospect identification tournaments. Be a member referee of the provincial excellence program (PEP) of Soccer Quebec.<\/li>\n<\/ol>\n<p>** Players in the Junior AAA league or collegiate league are eligible if they are enrolled in a member college and are currently on the protected list of a QMJHL team.<\/p>\n<h2><b><span lang=\"EN-CA\">For more information<\/span><\/b><\/h2>\n<p><strong>Marie-Christine Thuot<\/strong><br \/>\nAlliance Sport-\u00c9tudes<br \/>\nTelephone: 514-271-7403, ext. 2002<br \/>\n<a href=\"mailto:mcthuot@alliancesportetudes.ca\">mcthuot@alliancesportetudes.ca<\/a><\/p>\n<h3>See also&#8230;<\/h3>\n<p><a title=\"Alliance Sport-\u00c9tudes Student-Athlete\" href=\"\/en\/home\/application-and-registration\/registering-for-the-first-time-at-cegep-a-distance\/register-as-a-regular-student\/alliance-sport-etudes-student-athlete\/\">Registration \u2013 Alliance Sport-\u00c9tudes student-athlete<\/a><\/p>\n<p><a href=\"https:\/\/alliancesportetudes.ca\/\">Alliance Sport-\u00c9tudes Website<\/a> (in French)<\/p>\n","protected":false},"excerpt":{"rendered":"<p>C\u00e9gep \u00e0 distance is proud to be an affiliated member of Alliance Sport-\u00c9tudes and a partner of the Quebec Maritimes Junior Hockey League (QMJHL). By registering with Alliance Sport-\u00c9tudes, student-athletes can combine the demands of training, competitions and studies, while benefiting from adapted educational support services. Alliance Sport-\u00c9tudes coordinates distance learning needs in conjunction with [&hellip;]<\/p>\n","protected":false},"author":2,"featured_media":0,"parent":11213,"menu_order":7,"comment_status":"open","ping_status":"open","template":"","meta":{"_acf_changed":false,"content-type":"","footnotes":""},"categories":[],"class_list":["post-10734","page","type-page","status-publish","hentry"],"acf":[],"publishpress_future_action":{"enabled":false,"date":"2026-04-16 17:07:40","action":"change-status","newStatus":"draft","terms":[],"taxonomy":"category","extraData":[]},"publishpress_future_workflow_manual_trigger":{"enabledWorkflows":[]},"_links":{"self":[{"href":"https:\/\/cegepadistance.ca\/en\/wp-json\/wp\/v2\/pages\/10734","targetHints":{"allow":["GET"]}}],"collection":[{"href":"https:\/\/cegepadistance.ca\/en\/wp-json\/wp\/v2\/pages"}],"about":[{"href":"https:\/\/cegepadistance.ca\/en\/wp-json\/wp\/v2\/types\/page"}],"author":[{"embeddable":true,"href":"https:\/\/cegepadistance.ca\/en\/wp-json\/wp\/v2\/users\/2"}],"replies":[{"embeddable":true,"href":"https:\/\/cegepadistance.ca\/en\/wp-json\/wp\/v2\/comments?post=10734"}],"version-history":[{"count":10,"href":"https:\/\/cegepadistance.ca\/en\/wp-json\/wp\/v2\/pages\/10734\/revisions"}],"predecessor-version":[{"id":21692,"href":"https:\/\/cegepadistance.ca\/en\/wp-json\/wp\/v2\/pages\/10734\/revisions\/21692"}],"up":[{"embeddable":true,"href":"https:\/\/cegepadistance.ca\/en\/wp-json\/wp\/v2\/pages\/11213"}],"wp:attachment":[{"href":"https:\/\/cegepadistance.ca\/en\/wp-json\/wp\/v2\/media?parent=10734"}],"wp:term":[{"taxonomy":"category","embeddable":true,"href":"https:\/\/cegepadistance.ca\/en\/wp-json\/wp\/v2\/categories?post=10734"}],"curies":[{"name":"wp","href":"https:\/\/api.w.org\/{rel}","templated":true}]}}