{"id":10788,"date":"2018-09-27T14:55:56","date_gmt":"2018-09-27T18:55:56","guid":{"rendered":"https:\/\/cegepadistance.ca\/?page_id=10788"},"modified":"2023-03-08T10:58:56","modified_gmt":"2023-03-08T15:58:56","slug":"student-success-tools","status":"publish","type":"page","link":"https:\/\/cegepadistance.ca\/en\/home\/registered-students-access\/student-success\/student-success-tools\/","title":{"rendered":"Student resources"},"content":{"rendered":"<p>C\u00e9gep \u00e0 distance offers the following tools to help you succeed with your studies. Please also refer to our <a title=\"Student support and supervision\" href=\"\/en\/home-students\/informations-and-services\/student-success\/student-support-and-supervision\/\">Student support and supervision<\/a> page to learn about the wide variety of support services offered before registration and until graduation.<\/p>\n<h2>How to better manage your studies<\/h2>\n<p>C\u00e9gep \u00e0 distance invites you to make the most of the following tools to plan and manage your studies.<br \/>\nThe brochure<span>\u00a0<\/span><a href=\"\/en\/home\/etudiant-inscrit-acces\/regulations-and-instructions\/off-to-a-good-start-and-introduction-and-instructions\/\"><i>Off to a Good Start!<\/i><\/a><span>\u00a0<\/span>explains the steps for beginning your studies at C\u00e9gep \u00e0 distance on the right foot and provides essential information to keep handy while studying at C\u00e9gep \u00e0 distance.<br \/>\nIn addition to describing the rules and procedures in effect at C\u00e9gep \u00e0 distance, <a title=\"Introduction and instructions\" href=\"\/en\/home\/etudiant-inscrit-acces\/regulations-and-instructions\/off-to-a-good-start-and-introduction-and-instructions\/\"><em>Introduction and Instructions<\/em><\/a> provides lots of advice to help you succeed in your studies.<\/p>\n<h3>Guides<\/h3>\n<ul>\n<li><em><a title=\"The Road to Success\" href=\"\/en\/home-students\/informations-and-services\/student-success\/student-success-tools\/the-road-to-success\/\">The Road to Success<\/a><\/em><br \/>\nThis guide presents 11 tips to help you succeed.<\/li>\n<li><em><a title=\"Time Management\" href=\"\/en\/home-students\/informations-and-services\/student-success\/student-success-tools\/time-management\/\">C\u00e9gep \u00e0 distance Session Organization Guide<\/a><\/em><br \/>\n<span lang=\"EN-CA\">This guide will help you use a variety of tools to plan your study session. Download your <a href=\"\/wp-content\/uploads\/2022\/06\/GUI_Medium-term_planning.docx\">Planning tools<\/a>.<\/span><\/li>\n<li><em><a title=\"Examination Stress Guide\" href=\"\/en\/home-students\/informations-and-services\/student-success\/student-success-tools\/examination-stress-guide\/\">Examination Stress Guide<\/a><\/em><br \/>\n<span lang=\"EN-CA\">This guide is designed to help you manage your stress while preparing for, and during your exam.<\/span><\/li>\n<li><a href=\"https:\/\/cegepadistance.ca\/en\/home\/registered-students-access\/student-success\/student-success-tools\/guide-to-understanding-motivation\/\"><em>Guide to Understanding Motivation<\/em><\/a><br \/>\nThis guide will help you to better understand what incites you to act and even what might be hindering your studies. Several tools are presented that will help you to maintain the motivation that is required to achieve your goals.<\/li>\n<li><em><a href=\"https:\/\/cegepadistance.ca\/en\/home\/registered-students-access\/student-success\/student-success-tools\/guide-sur-les-methodes-de-travail\/\">Work Method<\/a><\/em><br \/>\nThis guide will help you learn more about reading goals and strategies for effective reading and note-taking.<\/li>\n<\/ul>\n<h2>Support materials: Improve your skills<\/h2>\n<h3>French<\/h3>\n<p>The Collegial Centre for Educational Materials Development (CCDMD) has created a website called <em><a href=\"http:\/\/www.ccdmd.qc.ca\/fr\/\">Am\u00e9lioration du fran\u00e7ais<\/a><\/em> (French improvement) with hundreds of resources to increase your French-language skills.<br \/>\nFor a complete refresher course, you could consider taking the very affordable online course called \u201cDu fran\u00e7ais sans fautes,\u201d which was produced by the Soci\u00e9t\u00e9 de formation \u00e0 distance des commissions scolaires du Qu\u00e9bec (SOFAD). Do the free diagnostic test and then evaluate your needs.<\/p>\n<h3>Mathematics<\/h3>\n<p>Review basic mathematical concepts from high school using the <a href=\"https:\/\/cegepadistance.ca\/sous-site\/Mathematics-Review-Modules\/\">Mathematics Review Modules<\/a> developed by Gilles Desbiens. These modules allow you to refresh and evaluate your knowledge using problems and review tests.<\/p>\n","protected":false},"excerpt":{"rendered":"<p>C\u00e9gep \u00e0 distance offers the following tools to help you succeed with your studies. Please also refer to our Student support and supervision page to learn about the wide variety of support services offered before registration and until graduation. How to better manage your studies C\u00e9gep \u00e0 distance invites you to make the most of [&hellip;]<\/p>\n","protected":false},"author":2,"featured_media":0,"parent":11230,"menu_order":2,"comment_status":"closed","ping_status":"closed","template":"","meta":{"_acf_changed":false,"content-type":"","footnotes":""},"categories":[],"class_list":["post-10788","page","type-page","status-publish","hentry"],"acf":[],"publishpress_future_action":{"enabled":false,"date":"2026-04-16 18:29:10","action":"change-status","newStatus":"draft","terms":[],"taxonomy":"category","extraData":[]},"publishpress_future_workflow_manual_trigger":{"enabledWorkflows":[]},"_links":{"self":[{"href":"https:\/\/cegepadistance.ca\/en\/wp-json\/wp\/v2\/pages\/10788","targetHints":{"allow":["GET"]}}],"collection":[{"href":"https:\/\/cegepadistance.ca\/en\/wp-json\/wp\/v2\/pages"}],"about":[{"href":"https:\/\/cegepadistance.ca\/en\/wp-json\/wp\/v2\/types\/page"}],"author":[{"embeddable":true,"href":"https:\/\/cegepadistance.ca\/en\/wp-json\/wp\/v2\/users\/2"}],"replies":[{"embeddable":true,"href":"https:\/\/cegepadistance.ca\/en\/wp-json\/wp\/v2\/comments?post=10788"}],"version-history":[{"count":20,"href":"https:\/\/cegepadistance.ca\/en\/wp-json\/wp\/v2\/pages\/10788\/revisions"}],"predecessor-version":[{"id":18216,"href":"https:\/\/cegepadistance.ca\/en\/wp-json\/wp\/v2\/pages\/10788\/revisions\/18216"}],"up":[{"embeddable":true,"href":"https:\/\/cegepadistance.ca\/en\/wp-json\/wp\/v2\/pages\/11230"}],"wp:attachment":[{"href":"https:\/\/cegepadistance.ca\/en\/wp-json\/wp\/v2\/media?parent=10788"}],"wp:term":[{"taxonomy":"category","embeddable":true,"href":"https:\/\/cegepadistance.ca\/en\/wp-json\/wp\/v2\/categories?post=10788"}],"curies":[{"name":"wp","href":"https:\/\/api.w.org\/{rel}","templated":true}]}}