{"id":10790,"date":"2018-09-28T08:45:37","date_gmt":"2018-09-28T12:45:37","guid":{"rendered":"https:\/\/cegepadistance.ca\/?page_id=10790"},"modified":"2024-03-18T10:48:37","modified_gmt":"2024-03-18T14:48:37","slug":"registering-as-a-foreign-student","status":"publish","type":"page","link":"https:\/\/cegepadistance.ca\/en\/home\/applying-and-registering\/registering-for-the-first-time-at-cegep-a-distance\/register-as-a-regular-student\/registering-as-a-foreign-student\/","title":{"rendered":"Registration as a foreign student"},"content":{"rendered":"<aside class=\"box\">At C\u00e9gep \u00e0 distance, the expression \u201cforeign student\u201d means non-Canadian citizens studying from outside Canada.<\/aside>\n<p>C\u00e9gep \u00e0 distance is pleased to welcome you as a foreign student. As a foreign student, you may enrol in elective courses or register for a program.<\/p>\n<p>Please note:<\/p>\n<ul>\n<li>We do not currently offer any programs in English.<\/li>\n<li><a title=\"Go Prospective students - Foreign students\" href=\"\/en\/home-students\/study\/prospective-student\/foreign-student-outside-canada\/\">Only certain courses can be taken as a foreign student<\/a>.<\/li>\n<\/ul>\n<p>Please also determine the fees you will have to pay, as described lower on this page. Other fees may apply. Please see <a href=\"\/en\/home-students\/admission-and-registration\/fees\/\">Fees<\/a>.<\/p>\n<h2>To register<\/h2>\n<p>If you wish to take a course or to enrol in a program in French at C\u00e9gep \u00e0 distance, you must meet the same requirements as Qu\u00e9b\u00e9cois students. You must have the equivalent of a high school diploma (DES) and you must also get an <a href=\"\/en\/home-students\/informations-and-services\/services\/academic-equivalency-for-studies-completed-outside-canada\/\">attestation of academic equivalency by a comparative evaluation service<\/a>. <a href=\"\/en\/home-students\/admission-and-registration\/fees\/\">Fees<\/a> apply.<\/p>\n<p><span lang=\"EN-CA\">You must include certified copies of all your academic documentation. If you provide simple photocopies of your diplomas or transcripts (whether or not they are in colour), your registration application will be returned to you without being processed.<\/span><\/p>\n<p><span lang=\"EN-CA\">A certified copy is a photocopy of an original document that is certified to be authentic by the issuing authority that is recognized within the country or territory that delivered the document. You can find the list of recognized issuing authorities on the following website:\u00a0<\/span><span lang=\"EN-CA\"><a href=\"http:\/\/www.immigration-quebec.gouv.qc.ca\/en\/forms\/search-title\/list-authorities.html\">http:\/\/www.immigration-quebec.gouv.qc.ca\/en\/forms\/search-title\/list-authorities.html<\/a><\/span><span lang=\"EN-CA\">.<\/span><\/p>\n<p><span lang=\"EN-CA\">If you submit a document (which includes an official seal or stamp) in a language other than French or English, you will need to provide the original of a complete translation of the document (including official seals and stamps) prepared by a certified translator.<\/span><\/p>\n<p>To enrol in a program, complete the registration form (<a title=\"Registration form\" href=\"https:\/\/cegepadistance.ca\/wp-content\/uploads\/2023\/09\/FORM_Inscription_ANG.pdf\" target=\"_blank\" rel=\"noopener noreferrer\">PDF<\/a>) and send us:<\/p>\n<ul>\n<li>Copies of your diplomas and a transcript of your final marks for Grade 10, 11 and 12.<\/li>\n<li>A legible photocopy of your birth certificate that indicates the names of your parents. If your birth certificate is not in French or English, it must be translated into one of these languages by a certified translator and the translation must be marked with the translator\u2019s seal.<\/li>\n<li>The duly completed registration form.<\/li>\n<li>Your payment, which must be made by credit card in Canadian dollars.<\/li>\n<\/ul>\n<h2>Fees<\/h2>\n<p>Whether you enrol in elective courses or a program, the tuition fee is $6 per course hour, plus the cost of materials, shipping and telephone charges.<\/p>\n<div align=\"center\">\n<table style=\"width: 100%;\" border=\"0\" cellspacing=\"5\" cellpadding=\"0\">\n<tbody>\n<tr>\n<td>\n<p align=\"center\"><b>Type of fee<\/b><\/p>\n<\/td>\n<td width=\"39%\">\n<p align=\"center\"><b>Cost in Canadian dollars<\/b><\/p>\n<\/td>\n<\/tr>\n<tr>\n<td>\n<p align=\"center\"><b>Academic equivalency for studies outside of Canada<\/b><\/p>\n<\/td>\n<td width=\"39%\">\n<p align=\"center\">See <a href=\"\/en\/home-students\/admission-and-registration\/fees\/\">Fees<\/a>.<\/p>\n<\/td>\n<\/tr>\n<tr>\n<td>\n<p align=\"center\"><b>Application fee<\/b><\/p>\n<\/td>\n<td width=\"39%\">\n<p align=\"center\">See <a href=\"\/en\/home-students\/admission-and-registration\/fees\/\">Fees<\/a>.<\/p>\n<\/td>\n<\/tr>\n<tr>\n<td colspan=\"2\">\n<p align=\"center\"><b>Tuition fee ($6 per course hour)<\/b><\/p>\n<\/td>\n<\/tr>\n<tr>\n<td>\n<p align=\"center\">30-hour course<\/p>\n<\/td>\n<td width=\"39%\">\n<p align=\"center\">$180<\/p>\n<\/td>\n<\/tr>\n<tr>\n<td>\n<p align=\"center\">45-hour course<\/p>\n<\/td>\n<td width=\"39%\">\n<p align=\"center\">$270<\/p>\n<\/td>\n<\/tr>\n<tr>\n<td>\n<p align=\"center\">60-hour course<\/p>\n<\/td>\n<td width=\"39%\">\n<p align=\"center\">$360<\/p>\n<\/td>\n<\/tr>\n<tr>\n<td>\n<p align=\"center\">75-hour course<\/p>\n<\/td>\n<td width=\"39%\">\n<p align=\"center\">$450<\/p>\n<\/td>\n<\/tr>\n<tr>\n<td colspan=\"2\">\n<p align=\"center\"><b>Shipping charges (for one course)<\/b><\/p>\n<\/td>\n<\/tr>\n<tr>\n<td>\n<p align=\"center\">United States<\/p>\n<\/td>\n<td width=\"39%\">\n<p align=\"center\">$35<\/p>\n<\/td>\n<\/tr>\n<tr>\n<td>\n<p align=\"center\">Europe<\/p>\n<\/td>\n<td width=\"39%\">\n<p align=\"center\">$70<\/p>\n<\/td>\n<\/tr>\n<tr>\n<td>\n<p align=\"center\">Tunisia<\/p>\n<\/td>\n<td width=\"39%\">\n<p align=\"center\">$75<\/p>\n<\/td>\n<\/tr>\n<tr>\n<td>\n<p align=\"center\">Algeria<\/p>\n<\/td>\n<td width=\"39%\">\n<p align=\"center\">$65<\/p>\n<\/td>\n<\/tr>\n<tr>\n<td>\n<p align=\"center\">Morocco<\/p>\n<\/td>\n<td width=\"39%\">\n<p align=\"center\">$65<\/p>\n<\/td>\n<\/tr>\n<tr>\n<td>\n<p align=\"center\">Mexico<\/p>\n<\/td>\n<td width=\"39%\">\n<p align=\"center\">$55<\/p>\n<\/td>\n<\/tr>\n<tr>\n<td>\n<p align=\"center\"><b>Course material fees<\/b><\/p>\n<\/td>\n<td width=\"39%\">\n<p align=\"center\">See <a href=\"\/en\/home-students\/admission-and-registration\/fees\/\">Fees<\/a>.<\/p>\n<\/td>\n<\/tr>\n<\/tbody>\n<\/table>\n<\/div>\n<h2>Sending your admission request<\/h2>\n<p>You must familiarize yourself with the information in the following sections of our website prior to registering:<\/p>\n<ul>\n<li><a title=\"Admission requirements\" href=\"\/en\/home-students\/admission-and-registration\/admission-requirements\/\">Admission requirements<\/a><\/li>\n<li><a title=\"Registration periods\" href=\"https:\/\/cegepadistance.ca\/en\/home\/studying-at-cegep-a-distance\/information-about-registration\/registration-periods\/\">Registration periods<\/a><\/li>\n<li><a title=\"Computer resources required \" href=\"\/en\/home-students\/admission-and-registration\/application-and-registration\/computer-resources-required\/\">Computer resources required<\/a><\/li>\n<li><a href=\"\/en\/home-students\/admission-and-registration\/fees\/\">Fees<\/a><\/li>\n<\/ul>\n<p>You can submit your request for admission by e-mail, through the post or by fax.<\/p>\n<p><strong>By e-mail<\/strong><br \/>\n<a href=\"mailto:inscription@cegepadistance.ca\">inscription@cegepadistance.ca<\/a><\/p>\n<p><strong>By post<\/strong><br \/>\nC\u00e9gep \u00e0 distance<br \/>\n6300, 16e Avenue<br \/>\nMontreal, QC\u00a0 H1X 2S9<br \/>\nCANADA<\/p>\n<p><strong>By fax<\/strong><br \/>\n+ 1 514 864-6400<\/p>\n<p>For further information, please contact us <a href=\"https:\/\/cegepadistance.ca\/en\/home\/contact-us\/\">here<\/a>.<\/p>\n<h2>You might also want to look at\u2026<\/h2>\n<ul>\n<li><a href=\"\/en\/home-students\/admission-and-registration\/application-and-registration\/foreign-student-outside-canada\/\">Prospective student \u2013 Foreign student<\/a><\/li>\n<\/ul>\n","protected":false},"excerpt":{"rendered":"<p>At C\u00e9gep \u00e0 distance, the expression \u201cforeign student\u201d means non-Canadian citizens studying from outside Canada. C\u00e9gep \u00e0 distance is pleased to welcome you as a foreign student. As a foreign student, you may enrol in elective courses or register for a program. Please note: We do not currently offer any programs in English. Only certain [&hellip;]<\/p>\n","protected":false},"author":2,"featured_media":0,"parent":11227,"menu_order":2,"comment_status":"open","ping_status":"closed","template":"template-page-nosidebars.php","meta":{"_acf_changed":false,"content-type":"","footnotes":""},"categories":[],"class_list":["post-10790","page","type-page","status-publish","hentry"],"acf":[],"publishpress_future_action":{"enabled":false,"date":"2026-04-16 07:36:12","action":"change-status","newStatus":"draft","terms":[],"taxonomy":"category","extraData":[]},"publishpress_future_workflow_manual_trigger":{"enabledWorkflows":[]},"_links":{"self":[{"href":"https:\/\/cegepadistance.ca\/en\/wp-json\/wp\/v2\/pages\/10790","targetHints":{"allow":["GET"]}}],"collection":[{"href":"https:\/\/cegepadistance.ca\/en\/wp-json\/wp\/v2\/pages"}],"about":[{"href":"https:\/\/cegepadistance.ca\/en\/wp-json\/wp\/v2\/types\/page"}],"author":[{"embeddable":true,"href":"https:\/\/cegepadistance.ca\/en\/wp-json\/wp\/v2\/users\/2"}],"replies":[{"embeddable":true,"href":"https:\/\/cegepadistance.ca\/en\/wp-json\/wp\/v2\/comments?post=10790"}],"version-history":[{"count":6,"href":"https:\/\/cegepadistance.ca\/en\/wp-json\/wp\/v2\/pages\/10790\/revisions"}],"predecessor-version":[{"id":19913,"href":"https:\/\/cegepadistance.ca\/en\/wp-json\/wp\/v2\/pages\/10790\/revisions\/19913"}],"up":[{"embeddable":true,"href":"https:\/\/cegepadistance.ca\/en\/wp-json\/wp\/v2\/pages\/11227"}],"wp:attachment":[{"href":"https:\/\/cegepadistance.ca\/en\/wp-json\/wp\/v2\/media?parent=10790"}],"wp:term":[{"taxonomy":"category","embeddable":true,"href":"https:\/\/cegepadistance.ca\/en\/wp-json\/wp\/v2\/categories?post=10790"}],"curies":[{"name":"wp","href":"https:\/\/api.w.org\/{rel}","templated":true}]}}