{"id":11217,"date":"2019-02-05T11:16:31","date_gmt":"2019-02-05T16:16:31","guid":{"rendered":"https:\/\/cegepadistance.ca\/?page_id=11217"},"modified":"2020-10-21T09:19:10","modified_gmt":"2020-10-21T13:19:10","slug":"regulations-and-instructions","status":"publish","type":"page","link":"https:\/\/cegepadistance.ca\/en\/home\/registered-students-access\/regulations-and-instructions\/","title":{"rendered":"Regulations and Instructions"},"content":{"rendered":"<p><span>This section provides access to information you need as a C\u00e9gep \u00e0 distance student.<\/span><\/p>\n<h2><em>Off to a Good Start!<\/em><\/h2>\n<p>The brochure called<span>\u00a0<\/span><a href=\"\/en\/home\/registered-students-access\/regulations-and-instructions\/off-to-a-good-start-and-introduction-and-instructions\/\"><i>Off to a Good Start!<\/i><\/a><span>\u00a0<\/span>explains the steps for beginning your studies at C\u00e9gep \u00e0 distance on the right foot and provides essential information you should keep handy while studying at C\u00e9gep \u00e0 distance.<\/p>\n<h2><em>Introduction and Instructions<\/em><\/h2>\n<p><em><a title=\"Introduction and instructions\" href=\"\/en\/home\/registered-students-access\/regulations-and-instructions\/off-to-a-good-start-and-introduction-and-instructions\/\" class=\"\">Introduction and Instructions<\/a><\/em><span>\u00a0is a document that provides useful information about the rules and procedures that govern your studies at C\u00e9gep \u00e0 distance.<\/span><\/p>\n<h2>Policies and regulations<\/h2>\n<p><span>This page reviews the\u00a0<\/span><a title=\"Policies and regulations\" href=\"https:\/\/cegepadistance.ca\/en\/home\/etudiant-inscrit-acces\/regulations-and-instructions\/policies-and-regulations\/\" class=\"hover\">policies and regulations<\/a><span>\u00a0that apply to C\u00e9gep \u00e0 distance students.<\/span><\/p>\n<h2>Plagiarism and fraud \u2013 Examples and sanctions<\/h2>\n<p><span>We encourage you to read this page carefully to\u00a0<\/span><a title=\"Plagiarism and fraud \u2013 Examples and sanctions\" href=\"https:\/\/cegepadistance.ca\/en\/home\/etudiant-inscrit-acces\/regulations-and-instructions\/plagiarism-and-fraud-examples-and-sanctions\/\" class=\"\">avoid situations that may stand in the way of your success<\/a><span>.<\/span><\/p>\n<h2>R score<\/h2>\n<p><span>This page provides complete information on\u00a0<\/span><a title=\"R score\" href=\"https:\/\/cegepadistance.ca\/en\/home\/etudiant-inscrit-acces\/regulations-and-instructions\/r-score\/\" class=\"\">R scores<\/a><span>\u00a0at C\u00e9gep \u00e0 distance.<\/span><\/p>\n<h2>Frequently Asked Questions<\/h2>\n<p><span>Our <\/span><a title=\"Frequently asked questions\" href=\"https:\/\/cegepadistance.ca\/en\/home\/etudiant-inscrit-acces\/regulations-and-instructions\/frequently-asked-questions\/\" class=\"\">FAQ page<\/a><span>\u00a0gives the answers to the most commonly asked questions about studying at C\u00e9gep \u00e0 distance.<\/span><\/p>\n","protected":false},"excerpt":{"rendered":"<p>This section provides access to information you need as a C\u00e9gep \u00e0 distance student. Off to a Good Start! The brochure called\u00a0Off to a Good Start!\u00a0explains the steps for beginning your studies at C\u00e9gep \u00e0 distance on the right foot and provides essential information you should keep handy while studying at C\u00e9gep \u00e0 distance. Introduction [&hellip;]<\/p>\n","protected":false},"author":2,"featured_media":0,"parent":9968,"menu_order":1,"comment_status":"open","ping_status":"open","template":"","meta":{"_acf_changed":false,"content-type":"","footnotes":""},"categories":[],"class_list":["post-11217","page","type-page","status-publish","hentry"],"acf":[],"publishpress_future_action":{"enabled":false,"date":"2026-04-15 05:11:24","action":"change-status","newStatus":"draft","terms":[],"taxonomy":"category","extraData":[]},"publishpress_future_workflow_manual_trigger":{"enabledWorkflows":[]},"_links":{"self":[{"href":"https:\/\/cegepadistance.ca\/en\/wp-json\/wp\/v2\/pages\/11217","targetHints":{"allow":["GET"]}}],"collection":[{"href":"https:\/\/cegepadistance.ca\/en\/wp-json\/wp\/v2\/pages"}],"about":[{"href":"https:\/\/cegepadistance.ca\/en\/wp-json\/wp\/v2\/types\/page"}],"author":[{"embeddable":true,"href":"https:\/\/cegepadistance.ca\/en\/wp-json\/wp\/v2\/users\/2"}],"replies":[{"embeddable":true,"href":"https:\/\/cegepadistance.ca\/en\/wp-json\/wp\/v2\/comments?post=11217"}],"version-history":[{"count":0,"href":"https:\/\/cegepadistance.ca\/en\/wp-json\/wp\/v2\/pages\/11217\/revisions"}],"up":[{"embeddable":true,"href":"https:\/\/cegepadistance.ca\/en\/wp-json\/wp\/v2\/pages\/9968"}],"wp:attachment":[{"href":"https:\/\/cegepadistance.ca\/en\/wp-json\/wp\/v2\/media?parent=11217"}],"wp:term":[{"taxonomy":"category","embeddable":true,"href":"https:\/\/cegepadistance.ca\/en\/wp-json\/wp\/v2\/categories?post=11217"}],"curies":[{"name":"wp","href":"https:\/\/api.w.org\/{rel}","templated":true}]}}