{"id":11227,"date":"2019-02-05T11:32:34","date_gmt":"2019-02-05T16:32:34","guid":{"rendered":"https:\/\/cegepadistance.ca\/?page_id=11227"},"modified":"2023-11-14T13:26:53","modified_gmt":"2023-11-14T18:26:53","slug":"register-as-a-regular-student","status":"publish","type":"page","link":"https:\/\/cegepadistance.ca\/en\/home\/applying-and-registering\/registering-for-the-first-time-at-cegep-a-distance\/register-as-a-regular-student\/","title":{"rendered":"Register as a regular direct-admit student"},"content":{"rendered":"<p><script type=\"text\/javascript\">\n    window.location = \"\/en\/home\/applying-and-registering\/registering-for-the-first-time-at-cegep-a-distance\/register-with-commandite-visiting-student\/\";\n<\/script><br \/>\n<span lang=\"EN-CA\">To register for the first time as a direct-admit student for a course at C\u00e9gep \u00e0 distance, you must first complete an application for admission to a program. In addition:<\/span><\/p>\n<ul type=\"disc\">\n<li><span lang=\"EN-CA\">Before you complete your application and registration form, you MUST read the information on this page and in the following sections:<\/span>\n<ul type=\"circle\">\n<li><span lang=\"EN-CA\"><a href=\"\/en\/home\/studying-at-cegep-a-distance\/admission-requirements\/\" title=\"Admission requirements\">Admission requirements<\/a><\/span><\/li>\n<li><a href=\"\/en\/home\/studying-at-cegep-a-distance\/information-about-registration\/computer-resources-required\/\">Computer resources required<\/a><\/li>\n<li><a href=\"\/en\/home\/studying-at-cegep-a-distance\/information-about-registration\/fees\/\">Fees<\/a><\/li>\n<\/ul>\n<li><span lang=\"EN-CA\">You must follow certain special instructions if you are:<\/span>\n<ul type=\"circle\">\n<li><span lang=\"EN-CA\">A <a href=\"\/en\/home\/application-and-registration\/registering-for-the-first-time-at-cegep-a-distance\/register-with-commandite-visiting-student\/\">student that is already enrolled at another CEGEP;<\/a><\/span><\/li>\n<li><span lang=\"EN-CA\">An <a href=\"\/en\/home\/application-and-registration\/registering-for-the-first-time-at-cegep-a-distance\/register-as-a-regular-student\/alliance-sport-etudes-student-athlete\/\" title=\"Alliance Sport-\u00c9tudes student-athlete\">Alliance Sport-\u00c9tudes student-athlete;<\/a><\/span><\/li>\n<li><span lang=\"EN-CA\">An <a href=\"\/en\/home\/application-and-registration\/registering-for-the-first-time-at-cegep-a-distance\/register-as-a-regular-student\/registering-as-a-foreign-student\/\" title=\"Foreign student\">international student<\/a>.<\/span><\/li>\n<\/ul>\n<\/ul>\n<h2>Important information<\/h2>\n<ul type=\"disc\">\n<li><span lang=\"EN-CA\">To avoid delays in your admissions process, ensure that you include all of the required documents with your application.<\/span><\/li>\n<li><span>C\u00e9gep \u00e0 distance accepts payment by Visa or MasterCard credit card. <strong>Please note that once your registration is completed, it is\u00a0<\/strong><\/span><strong>impossible\u00a0to change your course selection, and the course materials will be shipped to you with no possibility of a refund.<\/strong><\/li>\n<li><b><span lang=\"EN-CA\">Transmission of tax receipts (Relev\u00e9 8 and T2202A)<\/span><\/b><span lang=\"EN-CA\">:\u00a0Revenu Qu\u00e9bec requires a social insurance number for each person who wishes to receive a Relev\u00e9 8 and T2202A tax slip. To this effect, C\u00e9gep \u00e0 distance will only produce these documents for those students that provide their social insurance number on their registration form.<\/span><\/li>\n<li><strong><span lang=\"EN-CA\">To start or to complete a DCS\/DEC<\/span><\/strong><span lang=\"EN-CA\">: If you want to take a general education course in order to complete a DCS\/DEC that is not offered at C\u00e9gep \u00e0 distance, you have to register for the\u00a0<a href=\"https:\/\/courseselectionguide.cegepadistance.ca\/program\/08106-2019-0-DEC\/\">springboard to a DCS\/DEC pathway (081.06)<\/a>.<\/span><\/li>\n<\/ul>\n<!-- CE REUSABLE A \u00c9T\u00c9 REMPLAC\u00c9 PAR LE [text-blocks id=\"19116\"] -->\r\n<!-- NOTE: CE REUSABLE EST UTILIS\u00c9 LORS D'INTERRUPTION DE COBA POUR AFFICHER DES AVIS CONCERNANT LA FERMETURE DU CAMPUS. CE REUSABLE DOIT FIGURER DANS LES PAGES PAR LESQUELLES IL EST POSSIBLE DE SE CONNECTER \u00c0 COBA: ACC\u00c8S POUR \u00c9TUDIANT INSCRIT, LIEN VERS L'INSCRIPTION, ETC. -->\r\n<!-- NOTE: POUR MASQUER DU CONTENU, AJOUTEZ-Y LES BALISES QUI PR\u00c9C\u00c8DENT ET SUIVENT CETTE NOTE. INVERSEMENT, POUR AFFICHER DU CONTENU, RETIREZ LES BALISES. -->\r\n<!-- CONSERVER CE COMMENTAIRE \u00c0 TITRE D'EXEMPLE. LE CODE CI-DESSOUS PERMET D'AFFICHER LES TITRES EN ROUGE ET LE TEXTE EN NOIR. LES SAUTS DE PARAGRAPHES DOIVENT \u00caTRE FAITS AVEC LES BALISES <BR>. IL N'EST PAS ABSOLUMENT N\u00c9CESSAIRE D'UTILISER LE TITRE \"AVIS\" OU \"NOTICE\". L'EXEMPLE COMMENCE ICI\r\n<div class=\"warning-block\" style=\"display: block;\"><h3>EXEMPLE Notice<\/h3>\r\n<span class=\"warning\">EXEMPLE TITRE 1<\/span><br>\r\nEXEMPLE TEXTE 1<br>\r\n<span class=\"warning\">EXEMPLE TITRE 2<\/span><br>\r\nEXEMPLE TEXTE 2\r\n<\/div>-->\r\n\r\n<!-- FERMETURE DU CAMPUS ET INSCRIPTIONS -->\r\n<!-- <BR><div class=\"warning-block\" style=\"display: block;\"><span class=\"warning\"> The Campus as well as the admission and registration system will be offline Thursday, October 4 from 7:00 a.m to 7:05 a.m. for maintenance purposes.<\/span><\/DIV> -->\r\n\r\n<!-- <br><div class=\"warning-block\" style=\"display: block;\"><span class=\"warning\">ATTENTION! A maintenance is planned on Thursday October 12, from 7:00 a.m. to 8:00 a.m. The C\u00e9gep \u00e0 distance admission and registration services and the Campus platform may not be accessible during that time. <\/span><\/DIV><\/br> -->\r\n\r\n<!-- <BR><div class=\"warning-block\" style=\"display: block;\"><span class=\"warning\">ATTENTION!<br><\/br>The Campus as well as the admission and registration system will be offline Saturday July 1st from 0:00 a.m to 0:21 a.m.<\/span><\/DIV> -->\r\n\r\n\r\n\r\n<!-- PROBL\u00c8MES TECHNIQUES -->\r\n\r\n<!-- <br><div class=\"warning-block\" style=\"display: block;\"><span class=\"warning\">Thursday, February 9: We are currently experiencing technical issues affecting registration for our direct-admit students. We are actively working to resolve the situation. Thank you for your understanding.<\/span><\/DIV><\/br> -->\r\n\r\n<!--<br><div class=\"warning-block\" style=\"display: block;\"><span class=\"warning\">We are currently experiencing technical issues affecting our Learning Environment. We are actively working to resolve the situation. Thank you for your understanding.<\/span><\/DIV><\/br> -->\r\n\r\n\r\n<!-- <br><div class=\"warning-block\" style=\"display: block;\">We are currently experiencing technical issues affecting the <strong>Forgot password<\/strong> function. If you forgot your password, please contact us. We are actively working to resolve the situation. Thank you for your understanding.<\/DIV><\/br> -->\r\n\r\n<!-- <div class=\"warning-block\" style=\"display: block;\"><span class=\"warning\">We are currently experiencing problems with online payments. Please try again later.<\/span><\/DIV> -->\r\n\r\n<!-- SITE WEB -->\r\n<!-- <div class=\"warning-block\" style=\"display: block;\"><span class=\"warning\">ATENTION! <br>Rosemont and C\u00e9gep \u00e0 distance IT department informs the community that a maintenance will take place between September 8, 12:00 p.m. and 12:15 p.m. <\/br><br>The C\u00e9gep \u00e0 distance website as well as the admission and registration services and the campus platform will not be accessible during that time. Thanks for your patience!<\/br><\/span><\/DIV> -->\r\n\r\n<!--BOITES VOCALES-->\r\n<!-- <div class=\"warning-block\" style=\"display: block;\"><span class=\"warning\">Our telephone and the tutors' voicemails are not functional at the moment for reasons beyond the C\u00e9gep \u00e0 distance control. Please use the C\u00e9gep \u00e0 distance messaging system to communicate with your tutors. <\/span><\/DIV> -->\r\n\n<p style=\"text-align: center;\"><a class=\"btn btn-block\" title=\"Proceed to Application and Registration\" href=\"https:\/\/portail.cegepadistance.ca\/colnet\/admission.asp?Langue=ENG\" target=\"_blank\" rel=\"noopener noreferrer\"><span>Complete my application<br \/>\nand registration<\/span><span class=\"ornement\"><\/span><\/a><\/p>\n","protected":false},"excerpt":{"rendered":"<p>To register for the first time as a direct-admit student for a course at C\u00e9gep \u00e0 distance, you must first complete an application for admission to a program. In addition: Before you complete your application and registration form, you MUST read the information on this page and in the following sections: Admission requirements Computer resources [&hellip;]<\/p>\n","protected":false},"author":2,"featured_media":0,"parent":11226,"menu_order":1,"comment_status":"open","ping_status":"closed","template":"template-page-nosidebars.php","meta":{"_acf_changed":false,"content-type":"","footnotes":""},"categories":[],"class_list":["post-11227","page","type-page","status-publish","hentry"],"acf":[],"publishpress_future_action":{"enabled":false,"date":"2026-04-16 13:58:03","action":"change-status","newStatus":"draft","terms":[],"taxonomy":"category","extraData":[]},"publishpress_future_workflow_manual_trigger":{"enabledWorkflows":[]},"_links":{"self":[{"href":"https:\/\/cegepadistance.ca\/en\/wp-json\/wp\/v2\/pages\/11227","targetHints":{"allow":["GET"]}}],"collection":[{"href":"https:\/\/cegepadistance.ca\/en\/wp-json\/wp\/v2\/pages"}],"about":[{"href":"https:\/\/cegepadistance.ca\/en\/wp-json\/wp\/v2\/types\/page"}],"author":[{"embeddable":true,"href":"https:\/\/cegepadistance.ca\/en\/wp-json\/wp\/v2\/users\/2"}],"replies":[{"embeddable":true,"href":"https:\/\/cegepadistance.ca\/en\/wp-json\/wp\/v2\/comments?post=11227"}],"version-history":[{"count":8,"href":"https:\/\/cegepadistance.ca\/en\/wp-json\/wp\/v2\/pages\/11227\/revisions"}],"predecessor-version":[{"id":19219,"href":"https:\/\/cegepadistance.ca\/en\/wp-json\/wp\/v2\/pages\/11227\/revisions\/19219"}],"up":[{"embeddable":true,"href":"https:\/\/cegepadistance.ca\/en\/wp-json\/wp\/v2\/pages\/11226"}],"wp:attachment":[{"href":"https:\/\/cegepadistance.ca\/en\/wp-json\/wp\/v2\/media?parent=11227"}],"wp:term":[{"taxonomy":"category","embeddable":true,"href":"https:\/\/cegepadistance.ca\/en\/wp-json\/wp\/v2\/categories?post=11227"}],"curies":[{"name":"wp","href":"https:\/\/api.w.org\/{rel}","templated":true}]}}