{"id":11256,"date":"2019-02-06T14:34:22","date_gmt":"2019-02-06T19:34:22","guid":{"rendered":"https:\/\/cegepadistance.ca\/?page_id=11256"},"modified":"2024-04-24T10:30:51","modified_gmt":"2024-04-24T14:30:51","slug":"student-already-enrolled-in-another-cegep-2","status":"publish","type":"page","link":"https:\/\/cegepadistance.ca\/en\/home\/studying-at-cegep-a-distance\/student-already-enrolled-in-another-cegep-2\/","title":{"rendered":"Student already enrolled in another CEGEP"},"content":{"rendered":"<aside class=\"box\">\n<h2 class=\"subtitle-1\">Do you have a reciprocal arrangement for visiting students authorization (<span><\/span><em>commandite<\/em>)?<\/h2>\n<p><span>If you already have a\u00a0<\/span><em>commandite<\/em><span>\u00a0from your CEGEP, please read\u00a0<\/span><a title=\"Discover studying at C\u00e9gep \u00e0 distance\" href=\"https:\/\/cegepadistance.ca\/en\/home\/studying-at-cegep-a-distance\/decouvrez-les-etudes-au-cegep-a-distance\/\" class=\"\">Discover studying at C\u00e9gep \u00e0 distance<\/a><span>\u00a0to learn more about how C\u00e9gep \u00e0 distance operates or\u00a0<\/span><a title=\"Commandite (visiting student)\" href=\"https:\/\/cegepadistance.ca\/en\/home\/application-and-registration\/registering-for-the-first-time-at-cegep-a-distance\/register-with-commandite-visiting-student\/\" class=\"\">go directly to registration<\/a><span>.<\/span><\/p>\n<\/aside>\n<h2>To enrol at C\u00e9gep \u00e0 distance<\/h2>\n<p><span>If you are studying full- or part-time at another CEGEP, you\u00a0<\/span><strong>must<\/strong><span>\u00a0obtain a\u00a0reciprocal arrangement for visiting students authorization <\/span>(<em>commandite<\/em>)<span>\u00a0in order to study at C\u00e9gep \u00e0 distance. Please inquire at your own CEGEP.<\/span><\/p>\n<h2>What is a reciprocal arrangement for visiting students authorization<span>\u00a0<\/span>(<em>commandite<\/em>)?<\/h2>\n<p><span>A\u00a0<\/span><em>commandite<\/em><span>\u00a0can be granted by your CEGEP to allow you to take courses at C\u00e9gep \u00e0 distance that will be credited by your CEGEP. The\u00a0<\/span><em>commandite<\/em><span>\u00a0confirms your student status and helps determine the fees you will have to pay. It also allows your CEGEP to track your educational progress.<\/span><\/p>\n<h2>Courses for you, no matter what program you are taking<\/h2>\n<p><span>If you want to earn a Diploma of College Studies (DCS\/DEC), you can take general and complementary courses at C\u00e9gep \u00e0 distance, no matter what program you are taking. C\u00e9gep \u00e0 distance also offers some\u00a0<\/span><a title=\"University prerequisites\" href=\"https:\/\/courseselectionguide.cegepadistance.ca\/program\/08004-2013-0-SO\/\" target=\"_blank\" rel=\"noopener noreferrer\">prerequisites<\/a><span>\u00a0required for certain university programs.<\/span><\/p>\n","protected":false},"excerpt":{"rendered":"<p>Do you have a reciprocal arrangement for visiting students authorization (commandite)? If you already have a\u00a0commandite\u00a0from your CEGEP, please read\u00a0Discover studying at C\u00e9gep \u00e0 distance\u00a0to learn more about how C\u00e9gep \u00e0 distance operates or\u00a0go directly to registration. To enrol at C\u00e9gep \u00e0 distance If you are studying full- or part-time at another CEGEP, you\u00a0must\u00a0obtain a\u00a0reciprocal [&hellip;]<\/p>\n","protected":false},"author":2,"featured_media":0,"parent":11213,"menu_order":6,"comment_status":"open","ping_status":"open","template":"","meta":{"_acf_changed":false,"content-type":"","footnotes":""},"categories":[],"class_list":["post-11256","page","type-page","status-publish","hentry"],"acf":[],"publishpress_future_action":{"enabled":false,"date":"2026-04-19 12:42:17","action":"change-status","newStatus":"draft","terms":[],"taxonomy":"category","extraData":[]},"publishpress_future_workflow_manual_trigger":{"enabledWorkflows":[]},"_links":{"self":[{"href":"https:\/\/cegepadistance.ca\/en\/wp-json\/wp\/v2\/pages\/11256","targetHints":{"allow":["GET"]}}],"collection":[{"href":"https:\/\/cegepadistance.ca\/en\/wp-json\/wp\/v2\/pages"}],"about":[{"href":"https:\/\/cegepadistance.ca\/en\/wp-json\/wp\/v2\/types\/page"}],"author":[{"embeddable":true,"href":"https:\/\/cegepadistance.ca\/en\/wp-json\/wp\/v2\/users\/2"}],"replies":[{"embeddable":true,"href":"https:\/\/cegepadistance.ca\/en\/wp-json\/wp\/v2\/comments?post=11256"}],"version-history":[{"count":4,"href":"https:\/\/cegepadistance.ca\/en\/wp-json\/wp\/v2\/pages\/11256\/revisions"}],"predecessor-version":[{"id":20159,"href":"https:\/\/cegepadistance.ca\/en\/wp-json\/wp\/v2\/pages\/11256\/revisions\/20159"}],"up":[{"embeddable":true,"href":"https:\/\/cegepadistance.ca\/en\/wp-json\/wp\/v2\/pages\/11213"}],"wp:attachment":[{"href":"https:\/\/cegepadistance.ca\/en\/wp-json\/wp\/v2\/media?parent=11256"}],"wp:term":[{"taxonomy":"category","embeddable":true,"href":"https:\/\/cegepadistance.ca\/en\/wp-json\/wp\/v2\/categories?post=11256"}],"curies":[{"name":"wp","href":"https:\/\/api.w.org\/{rel}","templated":true}]}}