{"id":11269,"date":"2019-02-06T14:49:21","date_gmt":"2019-02-06T19:49:21","guid":{"rendered":"https:\/\/cegepadistance.ca\/?page_id=11269"},"modified":"2020-10-20T09:08:28","modified_gmt":"2020-10-20T13:08:28","slug":"alliance-sport-etudes-student-athlete","status":"publish","type":"page","link":"https:\/\/cegepadistance.ca\/en\/home\/applying-and-registering\/registering-for-the-first-time-at-cegep-a-distance\/register-as-a-regular-student\/alliance-sport-etudes-student-athlete\/","title":{"rendered":"Alliance Sport-\u00c9tudes Student-Athlete"},"content":{"rendered":"<h2>Notice<\/h2>\n<p><span>To enrol at C\u00e9gep \u00e0 distance as a student-athlete, you MUST be a member of the\u00a0<\/span><a title=\"Alliance Sport-\u00c9tudes\" href=\"https:\/\/cegepadistance.ca\/en\/home\/studying-at-cegep-a-distance\/information-about-registration\/alliance-sport-etudes\/\" class=\"hover\">Alliance Sport-\u00c9tudes<\/a><span>.<\/span><\/p>\n<h2>If you are\u2026<\/h2>\n<h3>Already enrolled at another CEGEP<em><br \/>\n<\/em><\/h3>\n<p>You have to contact the Sport-\u00c9tudes coordinator of the CEGEP you attend to get a <em>commandite<\/em> authorizing you to study at C\u00e9gep \u00e0 distance.<\/p>\n<p>After receiving your <em>commandite<\/em>, please go to<span>\u00a0<\/span><a href=\"\/en\/home\/applying-and-registering\/registering-for-the-first-time-at-cegep-a-distance\/register-with-commandite-visiting-student\/\">Register with a <em>commandite<\/em> (visiting student)<\/a>\u00a0to complete your registration.<\/p>\n<h3>Not enrolled in another CEGEP<\/h3>\n<p>You have to contact the C\u00e9gep \u00e0 distance Sport-\u00c9tudes coordinator to discuss your courses. Then, to enrol, go to<span>\u00a0<\/span><a href=\"\/en\/home\/applying-and-registering\/registering-for-the-first-time-at-cegep-a-distance\/register-as-a-regular-student\/\" class=\"\">Register as a regular direct-admit student<\/a>.<\/p>\n","protected":false},"excerpt":{"rendered":"<p>Notice To enrol at C\u00e9gep \u00e0 distance as a student-athlete, you MUST be a member of the\u00a0Alliance Sport-\u00c9tudes. If you are\u2026 Already enrolled at another CEGEP You have to contact the Sport-\u00c9tudes coordinator of the CEGEP you attend to get a commandite authorizing you to study at C\u00e9gep \u00e0 distance. After receiving your commandite, please [&hellip;]<\/p>\n","protected":false},"author":2,"featured_media":0,"parent":11227,"menu_order":1,"comment_status":"open","ping_status":"closed","template":"template-page-nosidebars.php","meta":{"_acf_changed":false,"content-type":"","footnotes":""},"categories":[],"class_list":["post-11269","page","type-page","status-publish","hentry"],"acf":[],"publishpress_future_action":{"enabled":false,"date":"2026-04-16 15:29:00","action":"change-status","newStatus":"draft","terms":[],"taxonomy":"category","extraData":[]},"publishpress_future_workflow_manual_trigger":{"enabledWorkflows":[]},"_links":{"self":[{"href":"https:\/\/cegepadistance.ca\/en\/wp-json\/wp\/v2\/pages\/11269","targetHints":{"allow":["GET"]}}],"collection":[{"href":"https:\/\/cegepadistance.ca\/en\/wp-json\/wp\/v2\/pages"}],"about":[{"href":"https:\/\/cegepadistance.ca\/en\/wp-json\/wp\/v2\/types\/page"}],"author":[{"embeddable":true,"href":"https:\/\/cegepadistance.ca\/en\/wp-json\/wp\/v2\/users\/2"}],"replies":[{"embeddable":true,"href":"https:\/\/cegepadistance.ca\/en\/wp-json\/wp\/v2\/comments?post=11269"}],"version-history":[{"count":0,"href":"https:\/\/cegepadistance.ca\/en\/wp-json\/wp\/v2\/pages\/11269\/revisions"}],"up":[{"embeddable":true,"href":"https:\/\/cegepadistance.ca\/en\/wp-json\/wp\/v2\/pages\/11227"}],"wp:attachment":[{"href":"https:\/\/cegepadistance.ca\/en\/wp-json\/wp\/v2\/media?parent=11269"}],"wp:term":[{"taxonomy":"category","embeddable":true,"href":"https:\/\/cegepadistance.ca\/en\/wp-json\/wp\/v2\/categories?post=11269"}],"curies":[{"name":"wp","href":"https:\/\/api.w.org\/{rel}","templated":true}]}}