{"id":11274,"date":"2019-02-06T14:54:15","date_gmt":"2019-02-06T19:54:15","guid":{"rendered":"https:\/\/cegepadistance.ca\/?page_id=11274"},"modified":"2024-05-02T11:58:19","modified_gmt":"2024-05-02T15:58:19","slug":"register-with-commandite-visiting-student","status":"publish","type":"page","link":"https:\/\/cegepadistance.ca\/en\/home\/applying-and-registering\/registering-for-the-first-time-at-cegep-a-distance\/register-with-commandite-visiting-student\/","title":{"rendered":"Reciprocal agreement for visiting students"},"content":{"rendered":"\nIf you are studying either full-time or part-time at a college, you must&nbsp;<strong>must<\/strong> obtain a signed authorization form (commonly referred to as a <i>commandite<\/i>) from your college to study at C\u00e9gep \u00e0 distance. Please see&nbsp;<a href=\"\/en\/home\/studying-at-cegep-a-distance\/information-about-registration\/student-already-enrolled-in-another-cegep\/\">Student already enrolled in another CEGEP<\/a>&nbsp;or consult your college for more information.<\/p>\n<h2>Notice<\/h2>\n<p>You must read the following information before you enrol:<\/p>\n<ul>\n<li><a title=\"Required computer resources\" href=\"\/en\/home\/studying-at-cegep-a-distance\/information-about-registration\/computer-resources-required\/\">Required computer resources<\/a><\/li>\n<li><a title=\"Fees\" href=\"\/en\/home\/studying-at-cegep-a-distance\/information-about-registration\/fees\/\">Fees<\/a><\/li>\n<\/ul>\n<p>If you are an&nbsp;<strong>Alliance Sport-\u00c9tudes student-athlete<\/strong>,&nbsp;<a title=\"Alliance Sport-\u00c9tudes Student-Athlete\" href=\"\/en\/home\/application-and-registration\/registering-for-the-first-time-at-cegep-a-distance\/register-as-a-regular-student\/alliance-sport-etudes-student-athlete\/\">click here<\/a>.<\/p>\n<h2>Important information<\/h2>\n<aside>\n<ul>\n<li><strong>Attention !&nbsp;<\/strong>You must register and make your payment before the deadline shown on your&nbsp;<em>commandite<\/em>.<\/li>\n<\/ul>\n<\/aside>\n<ul>\n<li><strong>Duration of a&nbsp;<\/strong><em><strong>commandite<\/strong><br \/>\n<\/em>A&nbsp;<em>commandite<\/em>&nbsp;is valid until the expiry date indicated by your c\u00e9gep or for thirty days after it has been issued.<\/li>\n<li><strong>Conditions to fulfill to maintain student status on a&nbsp;<\/strong><em><strong>commandite<\/strong><br \/>\n<\/em>Your admission is subject to the success conditions in each semester of your program. The CEGEP&nbsp;that issues the&nbsp;<em>commandite<\/em>&nbsp;is responsible for determining whether specific conditions apply to each student.<\/li>\n<li><strong>Issuance of tax documents: Relev\u00e9 8 and T2202A<\/strong><br \/>\nRevenu Qu\u00e9bec requires the social insurance number of every person to whom we issue a Relev\u00e9 8 or T2202A. As such, C\u00e9gep \u00e0 distance issues these documents only to people who provide their social insurance number on their registration form. For students with a commandite, C\u00e9gep \u00e0 distance and the college which granted the commandite will issue the documents.<\/li>\n<\/ul>\n<h2>Registration<\/h2>\n<p>With a&nbsp;<em>commandite<\/em>, you must fill in your registration form and pay online. C\u00e9gep \u00e0 distance accepts payment by Visa or MasterCard credit card. <\/p>\n<p>Please note that once your registration is completed, it is&nbsp;<strong>impossible&nbsp;<\/strong>to change your course selection, and the course materials will be shipped to you with no possibility of a refund.<\/p>\n<h2>Receipt of your learning materials<\/h2>\n<p>Processing your registration and shipping the learning materials generally takes five business days.<\/p>\n<p>&nbsp;<\/p>\n<!-- CE REUSABLE A \u00c9T\u00c9 REMPLAC\u00c9 PAR LE [text-blocks id=\"19116\"] -->\r\n<!-- NOTE: CE REUSABLE EST UTILIS\u00c9 LORS D'INTERRUPTION DE COBA POUR AFFICHER DES AVIS CONCERNANT LA FERMETURE DU CAMPUS. CE REUSABLE DOIT FIGURER DANS LES PAGES PAR LESQUELLES IL EST POSSIBLE DE SE CONNECTER \u00c0 COBA: ACC\u00c8S POUR \u00c9TUDIANT INSCRIT, LIEN VERS L'INSCRIPTION, ETC. -->\r\n<!-- NOTE: POUR MASQUER DU CONTENU, AJOUTEZ-Y LES BALISES QUI PR\u00c9C\u00c8DENT ET SUIVENT CETTE NOTE. INVERSEMENT, POUR AFFICHER DU CONTENU, RETIREZ LES BALISES. -->\r\n<!-- CONSERVER CE COMMENTAIRE \u00c0 TITRE D'EXEMPLE. LE CODE CI-DESSOUS PERMET D'AFFICHER LES TITRES EN ROUGE ET LE TEXTE EN NOIR. LES SAUTS DE PARAGRAPHES DOIVENT \u00caTRE FAITS AVEC LES BALISES <BR>. IL N'EST PAS ABSOLUMENT N\u00c9CESSAIRE D'UTILISER LE TITRE \"AVIS\" OU \"NOTICE\". L'EXEMPLE COMMENCE ICI\r\n<div class=\"warning-block\" style=\"display: block;\"><h3>EXEMPLE Notice<\/h3>\r\n<span class=\"warning\">EXEMPLE TITRE 1<\/span><br>\r\nEXEMPLE TEXTE 1<br>\r\n<span class=\"warning\">EXEMPLE TITRE 2<\/span><br>\r\nEXEMPLE TEXTE 2\r\n<\/div>-->\r\n\r\n<!-- FERMETURE DU CAMPUS ET INSCRIPTIONS -->\r\n<!-- <BR><div class=\"warning-block\" style=\"display: block;\"><span class=\"warning\"> The Campus as well as the admission and registration system will be offline Thursday, October 4 from 7:00 a.m to 7:05 a.m. for maintenance purposes.<\/span><\/DIV> -->\r\n\r\n<!-- <br><div class=\"warning-block\" style=\"display: block;\"><span class=\"warning\">ATTENTION! A maintenance is planned on Thursday October 12, from 7:00 a.m. to 8:00 a.m. The C\u00e9gep \u00e0 distance admission and registration services and the Campus platform may not be accessible during that time. <\/span><\/DIV><\/br> -->\r\n\r\n<!-- <BR><div class=\"warning-block\" style=\"display: block;\"><span class=\"warning\">ATTENTION!<br><\/br>The Campus as well as the admission and registration system will be offline Saturday July 1st from 0:00 a.m to 0:21 a.m.<\/span><\/DIV> -->\r\n\r\n\r\n\r\n<!-- PROBL\u00c8MES TECHNIQUES -->\r\n\r\n<!-- <br><div class=\"warning-block\" style=\"display: block;\"><span class=\"warning\">Thursday, February 9: We are currently experiencing technical issues affecting registration for our direct-admit students. We are actively working to resolve the situation. Thank you for your understanding.<\/span><\/DIV><\/br> -->\r\n\r\n<!--<br><div class=\"warning-block\" style=\"display: block;\"><span class=\"warning\">We are currently experiencing technical issues affecting our Learning Environment. We are actively working to resolve the situation. Thank you for your understanding.<\/span><\/DIV><\/br> -->\r\n\r\n\r\n<!-- <br><div class=\"warning-block\" style=\"display: block;\">We are currently experiencing technical issues affecting the <strong>Forgot password<\/strong> function. If you forgot your password, please contact us. We are actively working to resolve the situation. Thank you for your understanding.<\/DIV><\/br> -->\r\n\r\n<!-- <div class=\"warning-block\" style=\"display: block;\"><span class=\"warning\">We are currently experiencing problems with online payments. Please try again later.<\/span><\/DIV> -->\r\n\r\n<!-- SITE WEB -->\r\n<!-- <div class=\"warning-block\" style=\"display: block;\"><span class=\"warning\">ATENTION! <br>Rosemont and C\u00e9gep \u00e0 distance IT department informs the community that a maintenance will take place between September 8, 12:00 p.m. and 12:15 p.m. <\/br><br>The C\u00e9gep \u00e0 distance website as well as the admission and registration services and the campus platform will not be accessible during that time. Thanks for your patience!<\/br><\/span><\/DIV> -->\r\n\r\n<!--BOITES VOCALES-->\r\n<!-- <div class=\"warning-block\" style=\"display: block;\"><span class=\"warning\">Our telephone and the tutors' voicemails are not functional at the moment for reasons beyond the C\u00e9gep \u00e0 distance control. Please use the C\u00e9gep \u00e0 distance messaging system to communicate with your tutors. <\/span><\/DIV> -->\r\n\n<p style=\"text-align: center;\"><a title=\"Inscription\" href=\"https:\/\/portail.cegepadistance.ca\/colnet\/commandite.asp?Langue=ENG\">Complete my<br \/>\nregistration<\/a><\/p>\n","protected":false},"excerpt":{"rendered":"<p>If you are studying either full-time or part-time at a college, you must&nbsp;must obtain a signed authorization form (commonly referred to as a commandite) from your college to study at C\u00e9gep \u00e0 distance. Please see&nbsp;Student already enrolled in another CEGEP&nbsp;or consult your college for more information. Notice You must read the following information before you [&hellip;]<\/p>\n","protected":false},"author":2,"featured_media":0,"parent":11226,"menu_order":2,"comment_status":"open","ping_status":"closed","template":"template-page-nosidebars.php","meta":{"_acf_changed":false,"content-type":"","footnotes":""},"categories":[],"class_list":["post-11274","page","type-page","status-publish","hentry"],"acf":[],"publishpress_future_action":{"enabled":false,"date":"2026-04-16 13:49:08","action":"change-status","newStatus":"draft","terms":[],"taxonomy":"category","extraData":[]},"publishpress_future_workflow_manual_trigger":{"enabledWorkflows":[]},"_links":{"self":[{"href":"https:\/\/cegepadistance.ca\/en\/wp-json\/wp\/v2\/pages\/11274","targetHints":{"allow":["GET"]}}],"collection":[{"href":"https:\/\/cegepadistance.ca\/en\/wp-json\/wp\/v2\/pages"}],"about":[{"href":"https:\/\/cegepadistance.ca\/en\/wp-json\/wp\/v2\/types\/page"}],"author":[{"embeddable":true,"href":"https:\/\/cegepadistance.ca\/en\/wp-json\/wp\/v2\/users\/2"}],"replies":[{"embeddable":true,"href":"https:\/\/cegepadistance.ca\/en\/wp-json\/wp\/v2\/comments?post=11274"}],"version-history":[{"count":12,"href":"https:\/\/cegepadistance.ca\/en\/wp-json\/wp\/v2\/pages\/11274\/revisions"}],"predecessor-version":[{"id":20351,"href":"https:\/\/cegepadistance.ca\/en\/wp-json\/wp\/v2\/pages\/11274\/revisions\/20351"}],"up":[{"embeddable":true,"href":"https:\/\/cegepadistance.ca\/en\/wp-json\/wp\/v2\/pages\/11226"}],"wp:attachment":[{"href":"https:\/\/cegepadistance.ca\/en\/wp-json\/wp\/v2\/media?parent=11274"}],"wp:term":[{"taxonomy":"category","embeddable":true,"href":"https:\/\/cegepadistance.ca\/en\/wp-json\/wp\/v2\/categories?post=11274"}],"curies":[{"name":"wp","href":"https:\/\/api.w.org\/{rel}","templated":true}]}}