{"id":11294,"date":"2022-04-28T15:09:27","date_gmt":"2022-04-28T19:09:27","guid":{"rendered":"https:\/\/cegepadistance.ca\/?page_id=11294"},"modified":"2025-07-02T15:39:36","modified_gmt":"2025-07-02T19:39:36","slug":"examination-stress-guide","status":"publish","type":"page","link":"https:\/\/cegepadistance.ca\/en\/home\/registered-students-access\/student-success\/examination-stress-guide\/","title":{"rendered":"Examination Stress Guide"},"content":{"rendered":"<h2>1. A Short Presentation on Stress <b><\/b><\/h2>\n<h3>a. Stress is a biological survival phenomenon: it is normal and unavoidable.<\/h3>\n<p><a href=\"\/wp-content\/uploads\/2022\/04\/ICON_stress_systeme_reponse_EN.png\" target=\"_blank\" rel=\"noopener\"><img decoding=\"async\" src=\"\/wp-content\/uploads\/2022\/04\/ICON_stress_systeme_reponse_EN.png\" alt=\"\" width=\"1920\" max-width=\"100%\" height=\"\" class=\"aligncenter size-full wp-image-16587\" \/><\/a><\/p>\n<p><span lang=\"EN-CA\">When your brain perceives a danger (real or otherwise), it sends a signal to your body to mobilize and get you out of danger. For example, if you come across a threatening animal, your brain will sound the alarm and hormones will be secreted, sending signals to many receptors in your body to react appropriately. Your reaction may be to run or to quickly hide. <\/span><span lang=\"EN-CA\"><\/span><\/p>\n<p><span lang=\"EN-CA\">Stress allows you to survive, and it also serves as a motivator in everyday life, at work, in your studies and in recreational activities. Having too little stress is not good, because it pushes you toward boredom or depression. <\/span><span lang=\"EN-CA\"><\/span><\/p>\n<p><span lang=\"EN-CA\">But when you have too much stress, or it is poorly managed, too many stress hormones are secreted, which can lead to consequences on many levels: physical, psychological and social. <\/span><span lang=\"EN-CA\"><\/span><\/p>\n<p><span lang=\"EN-CA\">Good life balance allows your body to react as well as possible to stressful events like exams! <\/span><span lang=\"EN-CA\"><\/span><\/p>\n<h3>b. Stress factors (NUTS)<\/h3>\n<p><a href=\"\/wp-content\/uploads\/2022\/04\/ICON_Facteurs_stressant_EN.png\" target=\"_blank\" rel=\"noopener\"><img decoding=\"async\" src=\"https:\/\/cegepadistance.ca\/wp-content\/uploads\/2022\/04\/ICON_Facteurs_stressant_EN.png\" alt=\"The text appearing in the image is available below.\" \/><\/a><br \/>\n<div class=\"lbo-toggle-box\">\n<h3>Stress Factors (NUTS)<\/h3>\n<table border=\"0\" cellspacing=\"0\" cellpadding=\"6\" style=\"width: 100%;\">\n<tbody>\n<tr>\n<th width=\"25%\" valign=\"top\">NOVELTY<\/p>\n<p>&nbsp;<\/th>\n<th width=\"25%\" valign=\"top\">UNPREDICTABILITY<\/p>\n<p>&nbsp;<\/th>\n<th width=\"25%\" valign=\"top\">THREAT to the ego<\/p>\n<p>&nbsp;<\/th>\n<th width=\"25%\" valign=\"top\">SENSE of control<\/th>\n<\/tr>\n<tr>\n<td valign=\"top\">Feeling you have little or no control in a situation<br \/>\nExample: Traffic jam, illness<\/td>\n<td valign=\"top\">No way of knowing what could happen<\/p>\n<p>Example: Surprise quiz, specific questions on the exam, storm<\/td>\n<td valign=\"top\">Experiencing something new<br \/>\nExample: New course, new job, taking an airplane for the first time<\/td>\n<td valign=\"top\">Feeling your identity or competence being tested<br \/>\nExample: Taking an exam, offering a workshop or oral presentation<\/td>\n<\/tr>\n<\/tbody>\n<\/table>\n<\/div>\n<p><span lang=\"EN-CA\">The acronym NUTS can help you identify stress factors. The more factors are connected to an event, the more stress you will feel. <\/span><span lang=\"EN-CA\"><\/span><\/p>\n<p><span lang=\"EN-CA\">For example, for students, evaluations and exams connect with many stress factors.<\/span><span lang=\"EN-CA\"><\/span><\/p>\n<ul>\n<li><b><span lang=\"EN-CA\">Sense of control<\/span><\/b><span lang=\"EN-CA\">: Not knowing how to approach the exam to do well on it.<\/span><span lang=\"EN-CA\"><\/span><\/li>\n<li><span lang=\"EN-CA\"> <\/span><b><span lang=\"EN-CA\">Unpredictability<\/span><\/b><span lang=\"EN-CA\">: Not knowing which questions will be on the exam.<\/span><span lang=\"EN-CA\"><\/span><\/li>\n<li><span lang=\"EN-CA\"> <\/span><b><span lang=\"EN-CA\">Novelty<\/span><\/b><span lang=\"EN-CA\">: Facing your first C\u00e9gep \u00e0 distance exam.<\/span><span lang=\"EN-CA\"><\/span><\/li>\n<li><span lang=\"EN-CA\"> <\/span><b><span lang=\"EN-CA\">Threat to the ego<\/span><\/b><span lang=\"EN-CA\">: Earning a lower grade than the average may affect your vision of yourself and be a threat to your ego.<\/span><\/li>\n<\/ul>\n<p><span lang=\"EN-CA\">Knowing the NUTS factors helps you analyze the stressful situations you may encounter. Identifying the cause of your stress can help you develop strategies for weathering it. For example, one way to feel more in control is to study effectively and prepare well all term long. <\/span><span lang=\"EN-CA\"><\/span><\/p>\n<h2><b>2. Stress in C\u00e9gep \u00e0 distance exams<\/b><\/h2>\n<ul>\n<li>First, gaining a clear understanding of the role of and procedure for C\u00e9gep \u00e0 distance exams can help you feel more prepared. The exam is written at the end of the course, when all the material has been covered and all the assignments turned in and corrected. It is very important, because it confirms that you have achieved the course competencies, which allows you to advance toward your professional goal. It is important to understand that C\u00e9gep \u00e0 distance applies a dual success threshold. To pass a course, you must meet both of the following conditions:\n<ul>\n<li style=\"list-style-type: none;\">\n<ul>\n<li style=\"list-style-type: none;\">\n<ul>\n<li>For students<strong> enrolled up to and including the Summer 2025 session:<\/strong>\n<ol>\n<li>Achieve an overall grade of at least <strong>60%<\/strong> for all course assessments.<\/li>\n<li>Achieve a minimum grade of <strong>50%<\/strong> on each exam.<\/li>\n<\/ol>\n<\/li>\n<li>For students<strong> enrolled as of the Fall 2025 session:<\/strong>\n<ol>\n<li>Achieve an overall grade of at least <strong>60%<\/strong> for all course assessments.<\/li>\n<li>Achieve a minimum grade of <strong>60%<\/strong> on each exam.<\/li>\n<\/ol>\n<\/li>\n<\/ul>\n<\/li>\n<\/ul>\n<\/li>\n<\/ul>\n<\/li>\n<li>All exams are taken online, and you can use all your course materials. This means you can choose the time and place that work best for you.<\/li>\n<li>Unlike the assignments, though, you have a specific length of time to write the exam. A timer is activated based on the maximum time allowed, so you really have to be ready, have studied well and be organized so you don\u2019t waste time.<\/li>\n<li>After the exam, you have to do an evaluation interview with your tutor. This meeting is crucial for passing the course, because it allows the tutor to confirm that it was really you who wrote the exam. For this meeting, you need to have all the exam documents on hand. <strong>The interview also counts as a final exam.<\/strong>\n<p data-start=\"98\" data-end=\"232\">For students <strong>enrolled up to and including the Summer 2025 session<\/strong>:<br data-start=\"164\" data-end=\"167\" \/>You must obtain at least <strong>50%<\/strong> on the interview to pass the course.<\/p>\n<p data-start=\"234\" data-end=\"352\" data-is-last-node=\"\" data-is-only-node=\"\">For students<strong> enrolled as of the Fall 2025 session<\/strong>:<br data-start=\"284\" data-end=\"287\" \/>You must obtain at least <strong>60%<\/strong> on the interview to pass the course.<\/p>\n<\/li>\n<\/ul>\n<table border=\"6\" style=\"height: 148px; border: 6px solid #0089d1;\" align=\"center\">\n<tbody>\n<tr>\n<td><b><span lang=\"EN-CA\">Advantages:<\/span><\/b><span lang=\"EN-CA\"> <\/span><span lang=\"EN-CA\">You have control over when and where you write the exam. This helps you feel more comfortable. It can be reassuring not to have to learn the material \u201coff by heart.\u201d<\/span><\/td>\n<\/tr>\n<\/tbody>\n<\/table>\n<p>&nbsp;<\/p>\n<table border=\"6\" style=\"height: 148px; border: 1px solid #0089d1; border-width: 6px;\" align=\"center\">\n<tbody>\n<tr>\n<td><b><span lang=\"EN-CA\">Pitfalls:<\/span><\/b><span lang=\"EN-CA\"> <\/span><span lang=\"EN-CA\">Since the exam is timed, you have to be well organized so you do not waste time flipping through your notes. Your environment might not be ideal, or you may have technological difficulties.<\/span><\/td>\n<\/tr>\n<\/tbody>\n<\/table>\n<h2><span lang=\"EN-CA\">\u00a03. <\/span><span lang=\"EN-CA\">The importance of preparing well<\/span><\/h2>\n<p><span lang=\"EN-CA\"><\/span><\/p>\n<p align=\"center\"><a href=\"\/wp-content\/uploads\/2022\/04\/ICON_stress_examen_1_EN.png\" target=\"_blank\" rel=\"noopener\"><img decoding=\"async\" src=\"\/wp-content\/uploads\/2022\/04\/ICON_stress_examen_1_EN.png\" alt=\"The text appearing in the image is available below.\" width=\"800\" max-width=\"100%\" height=\"\" class=\"aligncenter size-full wp-image-16590\" align=\"center\" \/><\/a><\/p>\n<div class=\"lbo-toggle-box\">\n<h3>Reduce your exam stress by preparing well (Part 1)<\/h3>\n<table style=\"width: 100%;\" border=\"0\" cellspacing=\"0\" cellpadding=\"6\">\n<tbody>\n<tr>\n<th width=\"20%\" valign=\"top\"><b>As soon as you start the course<\/b><\/th>\n<th width=\"20%\" valign=\"top\"><b>Before the exam<\/b><\/th>\n<th width=\"20%\" valign=\"top\"><b>The day before the exam<\/b><\/th>\n<th width=\"20%\" valign=\"top\"><b>The day of the exam<\/b><\/th>\n<th width=\"20%\" valign=\"top\"><b>When you start<\/b><\/th>\n<\/tr>\n<tr>\n<td width=\"263\" valign=\"top\">\n<ul>\n<li>Read the Study Guide and the proposed calendar.<\/li>\n<li>Plan out the session (see the guide on time planning).<\/li>\n<li>Establish a balanced routine (life, work, study). Sports, enough sleep and a healthy diet will help you manage your stress.<\/li>\n<li>Organize and structure your notes, your assignments and the feedback and advice of your tutor.<\/li>\n<li>Use colour codes, Post-Its and separators for paper notes or use note-taking software.<\/li>\n<li>Do ALL the suggested exercises.<\/li>\n<li>See the work methods guide.<\/li>\n<\/ul>\n<\/td>\n<td width=\"248\" valign=\"top\">\n<ul>\n<li>Find out of the content and form of the exam by asking your tutor and referring to the Study Guide or learning environment.<\/li>\n<li>Plan review questions a few weeks before the exam and write down any questions you want to ask your tutor.<\/li>\n<li>Make sure all your notes are well organized so you avoid wasting precious time during the exam.<\/li>\n<li>Reread the tutor\u2019s feedback.<\/li>\n<\/ul>\n<\/td>\n<td width=\"226\" valign=\"top\">\n<ul>\n<li>Review the course materials.<\/li>\n<li>Try to get a good night\u2019s sleep.<\/li>\n<li>Do a visualization exercise to program your brain for success.<\/li>\n<li>Mediate or do something relaxing.<\/li>\n<li>Remember everything you have accomplished (be proud of yourself!).<\/li>\n<\/ul>\n<\/td>\n<td width=\"161\" valign=\"top\">\n<ul type=\"disc\">\n<li>Prepare your environment: set up in a quiet, comfortable place, with water, a snack and all the allowable materials nearby.<\/li>\n<li>Make sure you have a good Internet connection before you begin.<\/li>\n<li>Remind the other people at home that you are writing an exam. Put your phone on airplane mode.<\/li>\n<\/ul>\n<\/td>\n<td width=\"189\" valign=\"top\">\n<ul type=\"disc\">\n<li>Read the instructions carefully before you start the exam.<\/li>\n<li>If you need to, copy-paste the instructions into a Word document.<\/li>\n<li>If asked to, download the exam document.<\/li>\n<li>Prepare a Word or paper document to write down the questions to review.<\/li>\n<\/ul>\n<\/td>\n<\/tr>\n<\/tbody>\n<\/table>\n<\/div>\n<p align=\"center\"><a href=\"\/wp-content\/uploads\/2022\/04\/ICON_stress_examen_2_EN.png\" target=\"_blank\" rel=\"noopener\"><b> <img decoding=\"async\" src=\"\/wp-content\/uploads\/2022\/04\/ICON_stress_examen_2_EN.png\" alt=\"The text appearing in the image is available below.\" width=\"800\" max-width=\"100%\" height=\"\" class=\"aligncenter size-full wp-image-16589\" align=\"center\" \/><\/b><\/a><\/p>\n<div class=\"lbo-toggle-box\">\n<h3>Reduce your exam stress by preparing well (Part 2)<\/h3>\n<table border=\"0\" cellspacing=\"0\" cellpadding=\"6\" style=\"width: 100%;\">\n<tbody>\n<tr>\n<th width=\"33%\" valign=\"top\"><b>During the exam<\/b><\/th>\n<th width=\"33%\" valign=\"top\"><b>After the exam<\/b><\/th>\n<\/tr>\n<tr>\n<td width=\"219\" valign=\"top\">\n<ul type=\"disc\">\n<li>Read the entire exam before you start answering (questions and weighting).<\/li>\n<li>Begin with the easy questions (to ease your stress, build your confidence and reassure your ego).<\/li>\n<li>Manage your time by saving some time to review and submit the exam.<\/li>\n<li>Answer all the questions if you can.<\/li>\n<\/ul>\n<p><b><i>In case of panic:<\/i><\/b><\/p>\n<ul type=\"disc\">\n<li>Outwit your negative thoughts: \u201cI\u2019m doing my best!\u201d Stay positive and remember all the work you accomplished during the term.<\/li>\n<li>Use your senses to stay in the present moment and be anchored to your environment, to calm tensions and help you refocus.<\/li>\n<li>Talk to yourself!<\/li>\n<li>Take a break, close your eyes and breathe in deeply for about one minute. Deep breaths help you return to the present moment, dial back your sense of high alert and reduce the overstimulation of stress hormones.<\/li>\n<\/ul>\n<\/td>\n<td width=\"219\" valign=\"top\">\n<ul>\n<li>Congratulate yourself and give yourself a reward!<\/li>\n<li>Run through your good and not-so-good answers, without ruminating on the bad ones.<\/li>\n<li>Make an appointment with your tutor for the evaluation interview.<\/li>\n<li>Make sure the exam content is fresh in your mind.<\/li>\n<li>Have your exam on hand during the interview.<\/li>\n<\/ul>\n<\/td>\n<\/tr>\n<\/tbody>\n<\/table>\n<\/div>\n<h2><span lang=\"EN-CA\">4. A few strategies for managing stress<\/span><b><span lang=\"EN-CA\"><\/span><\/b><\/h2>\n<p><a href=\"\/wp-content\/uploads\/2022\/04\/ICON_stress_strategies_EN-e1651179406775.png\" target=\"_blank\" rel=\"noopener\"><b> <img decoding=\"async\" src=\"\/wp-content\/uploads\/2022\/04\/ICON_stress_strategies_EN-e1651179406775.png\" alt=\"The text appearing in the image is available below.\" width=\"1920\" max-width=\"100%\" height=\"\" class=\"aligncenter size-full wp-image-16588\" \/><\/b><\/a><\/p>\n<div class=\"lbo-toggle-box\">\n<h3>A few strategies for managing stress<\/h3>\n<table border=\"0\" cellspacing=\"0\" cellpadding=\"6\" style=\"width: 100%;\">\n<tbody>\n<tr>\n<th width=\"33%\" valign=\"top\">Visualization<\/th>\n<th width=\"33%\" valign=\"top\">Deep breathing<\/th>\n<th width=\"34%\" valign=\"top\">Meditation<\/th>\n<\/tr>\n<tr>\n<td width=\"246\" valign=\"top\"><span><span lang=\"EN-CA\">Visualization helps project you toward success and increase your self-confidence, the more frequently you use it (Leibovitz, A., 2019).<\/span><\/span><\/p>\n<p><span><span lang=\"EN-CA\">Visualization is putting yourself in the proper state of mind for the situation (for example, an exam) and imagining yourself behaving optimally in that situation, one step at a time.<\/span><\/span><\/p>\n<p><a href=\"http:\/\/www.relaxationdynamique.fr\/techniques-de-visualisation-imagerie-mentale\">Relaxation dynamique et techniques de visualisation<\/a> (in French).<\/td>\n<td width=\"246\" valign=\"top\"><span><span lang=\"EN-CA\">Deep breathing slows the heartbeat and increases cardiac coherence, which adjusts mental balance, reduces stress and anxiety and makes us more serene (Juneau, M., 2017).<\/span><\/span><\/p>\n<p><a href=\"http:\/\/www.youtube.com\/watch?v=14jwlvCbL6g&amp;ab_channel=DenisFortier\"><span lang=\"EN-CA\">Abdominal breathing exercise, by Denis Fortier, physiotherapist, speaker and columnist<\/span><\/a><span lang=\"EN-CA\"> (in French). <\/span><\/td>\n<td width=\"191\" valign=\"top\"><span><span lang=\"EN-CA\">Meditation allows you to keep your attention on your breathing, ambient sounds or sensations in the body.<\/span><\/span><span lang=\"EN-CA\"><\/span><\/p>\n<p><a href=\"https:\/\/www.ulaval.ca\/mon-equilibre-ul\/mes-habitudes-de-vie\/meditation-pleine-conscience\">M\u00e9ditation pleine conscience | Mon \u00e9quilibre UL | Universit\u00e9 Laval (ulaval.ca)<\/a> (in French).<\/p>\n<p><a href=\"https:\/\/medecine.umontreal.ca\/communaute\/les-etudiants\/bureau-des-affaires-etudiantes-vie-facultaire-et-equilibre-de-vie\/essence\/\">Universit\u00e9 de Montr\u00e9al, facult\u00e9 de m\u00e9decine : m\u00e9ditation pleine conscience<\/a> (in French)<\/td>\n<\/tr>\n<\/tbody>\n<\/table>\n<\/div>\n<h2><b>References<\/b><\/h2>\n<p><span>Juneau, M. (2017) La coh\u00e9rence cardiaque\u00a0:<br \/>\n<a href=\"https:\/\/observatoireprevention.org\/2017\/08\/02\/la-coherence-cardiaque\/\">https:\/\/observatoireprevention.org\/2017\/08\/02\/la-coherence-cardiaque\/<\/a> <\/span><\/p>\n<p><span>Universit\u00e9 Laval, M\u00e9ditation pleine conscience :<br \/>\n<a href=\"https:\/\/www.ulaval.ca\/mon-equilibre-ul\/exclusivites-mon-equilibre\/meditation-pleine-conscience\">https:\/\/www.ulaval.ca\/mon-equilibre-ul\/exclusivites-mon-equilibre\/meditation-pleine-conscience<\/a> \u00a0\u00a0\u00a0<\/span><\/p>\n<p><span>Universit\u00e9 Laval, 5 bienfaits de la m\u00e9ditation\u00a0:<br \/>\n<a href=\"https:\/\/contact.ulaval.ca\/article_magazine\/5-bienfaits-de-la-meditation\/\">https:\/\/contact.ulaval.ca\/article_magazine\/5-bienfaits-de-la-meditation\/<\/a> <\/span><\/p>\n<p><span>Relaxation Dynamique, Techniques de visualisation :<br \/>\n<a href=\"https:\/\/relaxationdynamique.fr\/techniques-de-visualisation-imagerie-mentale\">https:\/\/relaxationdynamique.fr\/techniques-de-visualisation-imagerie-mentale<\/a> <\/span><\/p>\n<p><span>La loi de Yerkes-Dodson: la relation entre rendement et motivation, Nos pens\u00e9es\u00a0:<br \/>\n<a href=\"https:\/\/nospensees.fr\/la-loi-de-yerkes-dodson-la-relation-entre-rendement-et-motivation\/\">https:\/\/nospensees.fr\/la-loi-de-yerkes-dodson-la-relation-entre-rendement-et-motivation\/<\/a> <\/span><\/p>\n<p><span>Centre d&#8217;\u00e9tudes sur le stress humain (CESH),<\/span> <span>&#8211; Sonia Lupien\u00a0:<br \/>\n<\/span><span><a href=\"https:\/\/stresshumain.ca\">https:\/\/stresshumain.ca<\/a><\/span><span> <\/span><\/p>\n<p>Leibovitz, A. (2019). Outil 32. La visualisation mentale. Dans : , A. Leibovitz, <i>La bo\u00eete \u00e0 outils de la confiance en soi<\/i> (pp. 124-127). Paris: Dunod.<\/p>\n","protected":false},"excerpt":{"rendered":"<p>1. A Short Presentation on Stress a. Stress is a biological survival phenomenon: it is normal and unavoidable. When your brain perceives a danger (real or otherwise), it sends a signal to your body to mobilize and get you out of danger. For example, if you come across a threatening animal, your brain will sound [&hellip;]<\/p>\n","protected":false},"author":2,"featured_media":0,"parent":11230,"menu_order":4,"comment_status":"open","ping_status":"open","template":"","meta":{"_acf_changed":false,"content-type":"","footnotes":""},"categories":[],"class_list":["post-11294","page","type-page","status-publish","hentry"],"acf":[],"publishpress_future_action":{"enabled":false,"date":"2026-04-14 05:09:20","action":"change-status","newStatus":"draft","terms":[],"taxonomy":"category","extraData":[]},"publishpress_future_workflow_manual_trigger":{"enabledWorkflows":[]},"_links":{"self":[{"href":"https:\/\/cegepadistance.ca\/en\/wp-json\/wp\/v2\/pages\/11294","targetHints":{"allow":["GET"]}}],"collection":[{"href":"https:\/\/cegepadistance.ca\/en\/wp-json\/wp\/v2\/pages"}],"about":[{"href":"https:\/\/cegepadistance.ca\/en\/wp-json\/wp\/v2\/types\/page"}],"author":[{"embeddable":true,"href":"https:\/\/cegepadistance.ca\/en\/wp-json\/wp\/v2\/users\/2"}],"replies":[{"embeddable":true,"href":"https:\/\/cegepadistance.ca\/en\/wp-json\/wp\/v2\/comments?post=11294"}],"version-history":[{"count":35,"href":"https:\/\/cegepadistance.ca\/en\/wp-json\/wp\/v2\/pages\/11294\/revisions"}],"predecessor-version":[{"id":22010,"href":"https:\/\/cegepadistance.ca\/en\/wp-json\/wp\/v2\/pages\/11294\/revisions\/22010"}],"up":[{"embeddable":true,"href":"https:\/\/cegepadistance.ca\/en\/wp-json\/wp\/v2\/pages\/11230"}],"wp:attachment":[{"href":"https:\/\/cegepadistance.ca\/en\/wp-json\/wp\/v2\/media?parent=11294"}],"wp:term":[{"taxonomy":"category","embeddable":true,"href":"https:\/\/cegepadistance.ca\/en\/wp-json\/wp\/v2\/categories?post=11294"}],"curies":[{"name":"wp","href":"https:\/\/api.w.org\/{rel}","templated":true}]}}