{"id":11316,"date":"2019-02-06T15:27:54","date_gmt":"2019-02-06T20:27:54","guid":{"rendered":"https:\/\/cegepadistance.ca\/?page_id=11316"},"modified":"2021-05-03T15:43:07","modified_gmt":"2021-05-03T19:43:07","slug":"research-at-cegep-a-distance","status":"publish","type":"page","link":"https:\/\/cegepadistance.ca\/en\/cegep-a-distance-2\/research-at-cegep-a-distance\/","title":{"rendered":"Research at C\u00e9gep \u00e0 distance"},"content":{"rendered":"<p>C\u00e9gep \u00e0 distance has a very active research team. Find out about our latest research projects and publications. Are you looking for a partner for a project you have in mind? Contact us!<\/p>\n<h2>Projects<\/h2>\n<ul>\n<li><a href=\"\/le-cegep-a-distance-2\/la-recherche-au-cegep-a-distance\/tableau-de-bord-le-projet\/\">Tableau de bord<\/a> (in French)<\/li>\n<li><a href=\"\/le-cegep-a-distance-2\/la-recherche-au-cegep-a-distance\/devoir\/\">Devoir+ : R\u00e9troaction technologique<\/a> (in French)<\/li>\n<li><a title=\"Osmose \u2014 Environnement social d\u2019apprentissage\" href=\"\/en\/education-network\/osmose-environnement-social-dapprentissage\/\">Osmose: environnement social d\u2019apprentissage<\/a><\/li>\n<\/ul>\n<h2>Publications<\/h2>\n<p>View all of our publications in the <i>Reports, articles, and presentations<\/i> section of the <a href=\"https:\/\/cegepadistance.ca\/en\/cegep-a-distance-2\/publications\/\">Publications page<\/a>.<\/p>\n<h2>Contact us<\/h2>\n<p>For information or collaboration requests, please <a title=\"Contact us\" href=\"https:\/\/cegepadistance.ca\/en\/blog\/reusable_contents\/research-contact-us\/\">contact us<\/a>.<\/p>\n","protected":false},"excerpt":{"rendered":"<p>C\u00e9gep \u00e0 distance has a very active research team. Find out about our latest research projects and publications. Are you looking for a partner for a project you have in mind? Contact us! Projects Tableau de bord (in French) Devoir+ : R\u00e9troaction technologique (in French) Osmose: environnement social d\u2019apprentissage Publications View all of our publications [&hellip;]<\/p>\n","protected":false},"author":2,"featured_media":0,"parent":10829,"menu_order":3,"comment_status":"open","ping_status":"closed","template":"","meta":{"_acf_changed":false,"content-type":"","footnotes":""},"categories":[],"class_list":["post-11316","page","type-page","status-publish","hentry"],"acf":[],"publishpress_future_action":{"enabled":false,"date":"2026-04-10 14:17:01","action":"change-status","newStatus":"draft","terms":[],"taxonomy":"category","extraData":[]},"publishpress_future_workflow_manual_trigger":{"enabledWorkflows":[]},"_links":{"self":[{"href":"https:\/\/cegepadistance.ca\/en\/wp-json\/wp\/v2\/pages\/11316","targetHints":{"allow":["GET"]}}],"collection":[{"href":"https:\/\/cegepadistance.ca\/en\/wp-json\/wp\/v2\/pages"}],"about":[{"href":"https:\/\/cegepadistance.ca\/en\/wp-json\/wp\/v2\/types\/page"}],"author":[{"embeddable":true,"href":"https:\/\/cegepadistance.ca\/en\/wp-json\/wp\/v2\/users\/2"}],"replies":[{"embeddable":true,"href":"https:\/\/cegepadistance.ca\/en\/wp-json\/wp\/v2\/comments?post=11316"}],"version-history":[{"count":3,"href":"https:\/\/cegepadistance.ca\/en\/wp-json\/wp\/v2\/pages\/11316\/revisions"}],"predecessor-version":[{"id":15914,"href":"https:\/\/cegepadistance.ca\/en\/wp-json\/wp\/v2\/pages\/11316\/revisions\/15914"}],"up":[{"embeddable":true,"href":"https:\/\/cegepadistance.ca\/en\/wp-json\/wp\/v2\/pages\/10829"}],"wp:attachment":[{"href":"https:\/\/cegepadistance.ca\/en\/wp-json\/wp\/v2\/media?parent=11316"}],"wp:term":[{"taxonomy":"category","embeddable":true,"href":"https:\/\/cegepadistance.ca\/en\/wp-json\/wp\/v2\/categories?post=11316"}],"curies":[{"name":"wp","href":"https:\/\/api.w.org\/{rel}","templated":true}]}}