{"id":11322,"date":"2019-02-06T15:32:31","date_gmt":"2019-02-06T20:32:31","guid":{"rendered":"https:\/\/cegepadistance.ca\/?page_id=11322"},"modified":"2019-02-12T08:26:17","modified_gmt":"2019-02-12T13:26:17","slug":"policies-and-regulations","status":"publish","type":"page","link":"https:\/\/cegepadistance.ca\/en\/cegep-a-distance-2\/policies-and-regulations\/","title":{"rendered":"Policies and regulations"},"content":{"rendered":"<!-- NOTE: CE REUSABLE S'AFFICHE DANS LES PAGES \/en\/home\/cegep-a-distance\/policies-and-regulations\/ ET \/en\/home\/registered-students-access\/regulations-and-instructions\/policies-and-regulations\/-->\r\n<!-- NOTE: POUR MASQUER DU CONTENU, AJOUTEZ-Y LES BALISES QUI PR\u00c9C\u00c8DENT ET SUIVENT CETTE NOTE. INVERSEMENT, POUR AFFICHER DU CONTENU, RETIREZ LES BALISES. -->\r\n\r\n<span lang=\"EN-CA\">C\u00e9gep \u00e0 distance is part of the Coll\u00e8ge de Rosemont. This means you are subject to the policies and regulations in effect at the CEGEP, and if you graduate from C\u00e9gep \u00e0 distance, you will receive a diploma or attestation bearing the Rosemont seal.<\/span>\r\n<h2><span lang=\"EN-CA\">Policies and regulations specific to C\u00e9gep \u00e0 distance<\/span><span lang=\"EN-CA\"><\/span><\/h2>\r\n<ul>\r\n \t<li><em><a title=\"Accueil et directives\" href=\"https:\/\/cegepadistance.ca\/en\/home\/etudiant-inscrit-acces\/regulations-and-instructions\/off-to-a-good-start-and-introduction-and-instructions\/\" class=\"\">Introduction and Instructions<\/a><\/em><\/li>\r\n \t<li><a href=\"https:\/\/cegepadistance.ca\/en\/terms-of-use-2\/netiquette-on-cegep-a-distance-digital-platforms\/\">Netiquette<\/a><\/li>\r\n \t<li><a title=\"Cote R\" href=\"https:\/\/cegepadistance.ca\/en\/home\/etudiant-inscrit-acces\/regulations-and-instructions\/r-score\/\" class=\"\">R score at C\u00e9gep \u00e0 distance<\/a><\/li>\r\n \t<li><a title=\"Plagiarism and fraud \u2013 Examples and sanctions\" href=\"https:\/\/cegepadistance.ca\/en\/home\/etudiant-inscrit-acces\/regulations-and-instructions\/plagiarism-and-fraud-examples-and-sanctions\/\" class=\"\">Plagiarism and fraud \u2013 Examples and sanctions<\/a><\/li>\r\n<\/ul>\r\n<h2>Coll\u00e8ge de Rosemont<span lang=\"FR-CA\"> policies and regulations<\/span><\/h2>\r\n<span lang=\"EN-CA\">To review the Coll\u00e8ge de Rosemont\u2019s regulations and policies, visit the\u00a0<a href=\"https:\/\/www.crosemont.qc.ca\/le-college\/politiques-reglements\/\" title=\"Politiques et r\u00e8glements\">Politiques et r\u00e8glements<\/a>\u00a0page on the college\u2019s web site (in French).<\/span>\r\n\r\n<span lang=\"EN-CA\">The list below is a selection of the Coll\u00e8ge de Rosemont\u2019s regulations and policies that affect C\u00e9gep \u00e0 distance students.<\/span><span lang=\"EN-CA\"><\/span>\r\n<ul>\r\n \t<li><em><span lang=\"FR-CA\">R\u00e8glement sur le cheminement scolaire favorisant la r\u00e9ussite au Coll\u00e8ge de Rosemont<\/span><\/em><\/li>\r\n \t<li><em><span lang=\"FR-CA\">R\u00e8glement sur les conditions de vie et d\u2019\u00e9tudes du Coll\u00e8ge<\/span><\/em><\/li>\r\n \t<li><em><span lang=\"FR-CA\">R\u00e8glement sur les droits prescrits \u00e0 percevoir des \u00e9tudiants<\/span><\/em><\/li>\r\n \t<li><em><span lang=\"FR-CA\">R\u00e8glement sur les droits de toute autre nature exigibles des \u00e9tudiants<\/span><\/em><\/li>\r\n \t<li><em><span lang=\"FR-CA\">Politique encadrant l\u2019utilisation des m\u00e9dias sociaux au Coll\u00e8ge de Rosemont<\/span><\/em><\/li>\r\n \t<li><em><span lang=\"FR-CA\">Politique de valorisation de la langue fran\u00e7aise<\/span><\/em><\/li>\r\n \t<li><em><span lang=\"FR-CA\">Politique institutionnelle d\u2019\u00e9valuation des apprentissages (PIEA)<\/span><\/em><\/li>\r\n \t<li><em><span lang=\"FR-CA\">Politique de s\u00e9curit\u00e9 des actifs informationnels<\/span><\/em><\/li>\r\n \t<li><em><span lang=\"FR-CA\">Politique de confidentialit\u00e9 sur la protection des renseignements personnels recueillis par des moyens technologiques<\/span><\/em><\/li>\r\n<\/ul>\n","protected":false},"excerpt":{"rendered":"","protected":false},"author":2,"featured_media":0,"parent":10829,"menu_order":5,"comment_status":"open","ping_status":"closed","template":"","meta":{"_acf_changed":false,"content-type":"","footnotes":""},"categories":[],"class_list":["post-11322","page","type-page","status-publish","hentry"],"acf":[],"publishpress_future_action":{"enabled":false,"date":"2026-04-11 22:44:55","action":"change-status","newStatus":"draft","terms":[],"taxonomy":"category","extraData":[]},"publishpress_future_workflow_manual_trigger":{"enabledWorkflows":[]},"_links":{"self":[{"href":"https:\/\/cegepadistance.ca\/en\/wp-json\/wp\/v2\/pages\/11322","targetHints":{"allow":["GET"]}}],"collection":[{"href":"https:\/\/cegepadistance.ca\/en\/wp-json\/wp\/v2\/pages"}],"about":[{"href":"https:\/\/cegepadistance.ca\/en\/wp-json\/wp\/v2\/types\/page"}],"author":[{"embeddable":true,"href":"https:\/\/cegepadistance.ca\/en\/wp-json\/wp\/v2\/users\/2"}],"replies":[{"embeddable":true,"href":"https:\/\/cegepadistance.ca\/en\/wp-json\/wp\/v2\/comments?post=11322"}],"version-history":[{"count":0,"href":"https:\/\/cegepadistance.ca\/en\/wp-json\/wp\/v2\/pages\/11322\/revisions"}],"up":[{"embeddable":true,"href":"https:\/\/cegepadistance.ca\/en\/wp-json\/wp\/v2\/pages\/10829"}],"wp:attachment":[{"href":"https:\/\/cegepadistance.ca\/en\/wp-json\/wp\/v2\/media?parent=11322"}],"wp:term":[{"taxonomy":"category","embeddable":true,"href":"https:\/\/cegepadistance.ca\/en\/wp-json\/wp\/v2\/categories?post=11322"}],"curies":[{"name":"wp","href":"https:\/\/api.w.org\/{rel}","templated":true}]}}