{"id":11324,"date":"2019-02-06T15:34:25","date_gmt":"2019-02-06T20:34:25","guid":{"rendered":"https:\/\/cegepadistance.ca\/?page_id=11324"},"modified":"2024-08-19T14:39:17","modified_gmt":"2024-08-19T18:39:17","slug":"employment-opportunities","status":"publish","type":"page","link":"https:\/\/cegepadistance.ca\/en\/employment-opportunities\/","title":{"rendered":"Employment opportunities"},"content":{"rendered":"<h2>Management, professional and support staff positions<\/h2>\n<p>C\u00e9gep \u00e0 distance is an integral part of C\u00e9gep de Rosemont. Visit the <a href=\"https:\/\/www.crosemont.qc.ca\/carrieres\/\">Career section of the C\u00e9gep de Rosemont website<\/a> (in French) or the <a href=\"https:\/\/ameqenligne.com\/emplois\/education?affiche_criteres=1&amp;txt_search=Coll%C3%A8ge%20de%20Rosemont\">AMEQ emplois website<\/a> (in French).<\/p>\n<h2>Subject matter experts<\/h2>\n<p>Consult the offers on the <a href=\"https:\/\/ameqenligne.com\/emplois\/education?affiche_criteres=1&amp;txt_search=Coll%C3%A8ge%20de%20Rosemont\">AMEQ emplois website<\/a> (in French).<\/p>\n<h2>Tutors<\/h2>\n<p>Consult the <a href=\"\/en\/employment-opportunities\/become-a-tutor\/\">Become a tutor<\/a> page.<\/p>\n","protected":false},"excerpt":{"rendered":"<p>Management, professional and support staff positions C\u00e9gep \u00e0 distance is an integral part of C\u00e9gep de Rosemont. Visit the Career section of the C\u00e9gep de Rosemont website (in French) or the AMEQ emplois website (in French). Subject matter experts Consult the offers on the AMEQ emplois website (in French). Tutors Consult the Become a tutor [&hellip;]<\/p>\n","protected":false},"author":2,"featured_media":0,"parent":0,"menu_order":6,"comment_status":"open","ping_status":"closed","template":"template-page-nosidebars.php","meta":{"_acf_changed":false,"content-type":"","footnotes":""},"categories":[],"class_list":["post-11324","page","type-page","status-publish","hentry"],"acf":[],"publishpress_future_action":{"enabled":false,"date":"2026-04-16 07:42:41","action":"change-status","newStatus":"draft","terms":[],"taxonomy":"category","extraData":[]},"publishpress_future_workflow_manual_trigger":{"enabledWorkflows":[]},"_links":{"self":[{"href":"https:\/\/cegepadistance.ca\/en\/wp-json\/wp\/v2\/pages\/11324","targetHints":{"allow":["GET"]}}],"collection":[{"href":"https:\/\/cegepadistance.ca\/en\/wp-json\/wp\/v2\/pages"}],"about":[{"href":"https:\/\/cegepadistance.ca\/en\/wp-json\/wp\/v2\/types\/page"}],"author":[{"embeddable":true,"href":"https:\/\/cegepadistance.ca\/en\/wp-json\/wp\/v2\/users\/2"}],"replies":[{"embeddable":true,"href":"https:\/\/cegepadistance.ca\/en\/wp-json\/wp\/v2\/comments?post=11324"}],"version-history":[{"count":3,"href":"https:\/\/cegepadistance.ca\/en\/wp-json\/wp\/v2\/pages\/11324\/revisions"}],"predecessor-version":[{"id":20728,"href":"https:\/\/cegepadistance.ca\/en\/wp-json\/wp\/v2\/pages\/11324\/revisions\/20728"}],"wp:attachment":[{"href":"https:\/\/cegepadistance.ca\/en\/wp-json\/wp\/v2\/media?parent=11324"}],"wp:term":[{"taxonomy":"category","embeddable":true,"href":"https:\/\/cegepadistance.ca\/en\/wp-json\/wp\/v2\/categories?post=11324"}],"curies":[{"name":"wp","href":"https:\/\/api.w.org\/{rel}","templated":true}]}}