{"id":11330,"date":"2019-02-06T15:37:08","date_gmt":"2019-02-06T20:37:08","guid":{"rendered":"https:\/\/cegepadistance.ca\/?page_id=11330"},"modified":"2024-08-19T14:38:29","modified_gmt":"2024-08-19T18:38:29","slug":"terms-of-use-2","status":"publish","type":"page","link":"https:\/\/cegepadistance.ca\/en\/terms-of-use-2\/","title":{"rendered":"Terms of use"},"content":{"rendered":"<p>Anyone who accesses the C\u00e9gep&nbsp;\u00e0&nbsp;distance website accepts the following terms of use. These terms shall be interpreted pursuant to the laws in effect in Canada and in Qu\u00e9bec.<\/p>\n<p>This site belongs to C\u00e9gep&nbsp;\u00e0&nbsp;distance, a department of the C\u00e9gep de Rosemont.<\/p>\n<h2>Copyright<\/h2>\n<p>With the exception of downloading and printing for personal, non-commercial use, content belonging to C\u00e9gep&nbsp;\u00e0&nbsp;distance or for which it has obtained a licence that appears on this website or any other website owned, operated, or managed by C\u00e9gep&nbsp;\u00e0&nbsp;distance (including texts, illustrations, icons, audio and HTML files, videos, underlying software and related content, trademarks, logos, and any other documents) may not be copied, sold, reproduced, downloaded, posted, transmitted, or distributed by any means whatsoever. C\u00e9gep&nbsp;\u00e0&nbsp;distance holds the copyright on all this material.<\/p>\n<p>C\u00e9gep&nbsp;\u00e0&nbsp;distance does not authorize the reproduction on any other website of the materials posted on its website or on other websites it owns, operates, or manages. Any reproduction requires the written permission of a duly authorized representative of C\u00e9gep&nbsp;\u00e0&nbsp;distance, who can terminate that permission at any time.<\/p>\n<p>C\u00e9gep&nbsp;\u00e0&nbsp;distance also prohibits the direct posting of any materials from its websites in a frame on another website or the use of any other method that does not state that the material reproduced belongs to C\u00e9gep&nbsp;\u00e0&nbsp;distance. It is prohibited to edit, alter, or modify in any way any content or information that appears on this site.<\/p>\n<h2>Limit of liability<\/h2>\n<p>The data and information on the C\u00e9gep&nbsp;\u00e0&nbsp;distance website are provided for information purposes only and may be changed without notice.<\/p>\n<p>In the event of a difference between the information posted on the site and the information in<span>\u00a0<\/span><a title=\"Politiques et r\u00e8glements\" href=\"https:\/\/cegepadistance.ca\/en\/home\/etudiant-inscrit-acces\/official-forms-and-documents\/\" class=\"\">official documents<\/a>, the official documents shall be considered to be correct.<\/p>\n<p>In the event that the prices shown on this website have been changed through an attack, C\u00e9gep&nbsp;\u00e0&nbsp;distance will apply the fees posted before the attack.<\/p>\n<p>C\u00e9gep&nbsp;\u00e0&nbsp;distance is in no way responsible for any loss, damage, or harm of any nature arising directly or indirectly from access to or use of its website or the information on it. In particular, C\u00e9gep&nbsp;\u00e0&nbsp;distance cannot be held responsible for damage of any sort that may result from a loss of use or data resulting from the use or communication of information from this site.<\/p>\n<p>The privacy and security of personal information sent by e-mail to C\u00e9gep&nbsp;\u00e0&nbsp;distance is not protected. C\u00e9gep&nbsp;\u00e0&nbsp;distance cannot be held responsible for damages suffered by an individual in relation to confidential or personal information submitted by e-mail to C\u00e9gep&nbsp;\u00e0&nbsp;distance or sent by C\u00e9gep&nbsp;\u00e0&nbsp;distance at the individual\u2019s request.<\/p>\n<h2>Links to or from third-party sites<\/h2>\n<p>The C\u00e9gep&nbsp;\u00e0&nbsp;distance website contains hyperlinks to other sites. Third-party sites also contain hyperlinks to the C\u00e9gep&nbsp;\u00e0&nbsp;distance website. These third-party sites are not under the control of C\u00e9gep&nbsp;\u00e0&nbsp;distance and the links may not be interpreted as its approval or endorsement of their site content. C\u00e9gep&nbsp;\u00e0&nbsp;distance is not responsible for the content or privacy guidelines of these third-party sites, the links they contain, or changes or updates made to them. Users are encouraged to check the privacy policies of third-party sites and to use their judgment concerning the accuracy and reliability of the information they contain.<\/p>\n<h2>Security rules for using the C\u00e9gep&nbsp;\u00e0&nbsp;distance website<\/h2>\n<p>It is prohibited to interfere or attempt to interfere with the security and integrity of the C\u00e9gep&nbsp;\u00e0&nbsp;distance website, including, without limitation:<\/p>\n<ul>\n<li>a. Changing information on the website<\/li>\n<li>b. Accessing data that are not destined for the user or entering a server or account the user is not authorized to access<\/li>\n<li>c. Attempting to probe, scan, or test the vulnerability of a system or a network or attempting to breach security and authentication measures without the required authorization<\/li>\n<li>d. Attempting to restrict or inhibit the service provided to any user, host, or network, including but not limited to submitting a virus to the website, overloading, \u201cflooding,\u201d \u201cmailbombing,\u201d or \u201ccrashing\u201d<\/li>\n<li>e. Sending unsolicited email, including product or service promotions or advertising<\/li>\n<li>f. Forging any TCP\/IP packet header or any part of the header information in any e-mail or discussion group posting<\/li>\n<\/ul>\n<p>If you have questions, comments, or suggestions about the C\u00e9gep&nbsp;\u00e0&nbsp;distance website, please contact us at 514-864-6464 or 1-800-665-6400, ext. 4733.<\/p>\n<hr size=\"0\" width=\"100%\" align=\"center\" \/>\n<p><span lang=\"EN-CA\">C\u00e9gep \u00e0 distance is an integral part of C\u00e9gep de Rosemont, which has also adopted the following policies:<\/span><\/p>\n<ul>\n<li><span><i>Politique de s\u00e9curit\u00e9 des actifs informationnels<\/i><\/span><\/li>\n<li><span><i>Politique de confidentialit\u00e9 sur la protection des renseignements personnels recueillis par des moyens technologiques<\/i><\/span><\/li>\n<\/ul>\n<p><span lang=\"EN-CA\">To review the C\u00e9gep de Rosemont\u2019s regulations and policies, visit the\u00a0<\/span><a title=\"Politiques et r\u00e8glements\" href=\"https:\/\/www.crosemont.qc.ca\/le-college\/politiques-reglements\/\" target=\"_blank\" rel=\"noopener\">Politiques et r\u00e8glements<\/a><span lang=\"EN-CA\">\u00a0page on the Coll\u00e8ge\u2019s web site (in French).<\/span><\/p>\n","protected":false},"excerpt":{"rendered":"<p>Anyone who accesses the C\u00e9gep&nbsp;\u00e0&nbsp;distance website accepts the following terms of use. These terms shall be interpreted pursuant to the laws in effect in Canada and in Qu\u00e9bec. This site belongs to C\u00e9gep&nbsp;\u00e0&nbsp;distance, a department of the C\u00e9gep de Rosemont. Copyright With the exception of downloading and printing for personal, non-commercial use, content belonging to [&hellip;]<\/p>\n","protected":false},"author":2,"featured_media":0,"parent":0,"menu_order":7,"comment_status":"open","ping_status":"closed","template":"template-page-nosidebars.php","meta":{"_acf_changed":false,"content-type":"","footnotes":""},"categories":[],"class_list":["post-11330","page","type-page","status-publish","hentry"],"acf":[],"publishpress_future_action":{"enabled":false,"date":"2026-04-13 04:06:54","action":"change-status","newStatus":"draft","terms":[],"taxonomy":"category","extraData":[]},"publishpress_future_workflow_manual_trigger":{"enabledWorkflows":[]},"_links":{"self":[{"href":"https:\/\/cegepadistance.ca\/en\/wp-json\/wp\/v2\/pages\/11330","targetHints":{"allow":["GET"]}}],"collection":[{"href":"https:\/\/cegepadistance.ca\/en\/wp-json\/wp\/v2\/pages"}],"about":[{"href":"https:\/\/cegepadistance.ca\/en\/wp-json\/wp\/v2\/types\/page"}],"author":[{"embeddable":true,"href":"https:\/\/cegepadistance.ca\/en\/wp-json\/wp\/v2\/users\/2"}],"replies":[{"embeddable":true,"href":"https:\/\/cegepadistance.ca\/en\/wp-json\/wp\/v2\/comments?post=11330"}],"version-history":[{"count":9,"href":"https:\/\/cegepadistance.ca\/en\/wp-json\/wp\/v2\/pages\/11330\/revisions"}],"predecessor-version":[{"id":20726,"href":"https:\/\/cegepadistance.ca\/en\/wp-json\/wp\/v2\/pages\/11330\/revisions\/20726"}],"wp:attachment":[{"href":"https:\/\/cegepadistance.ca\/en\/wp-json\/wp\/v2\/media?parent=11330"}],"wp:term":[{"taxonomy":"category","embeddable":true,"href":"https:\/\/cegepadistance.ca\/en\/wp-json\/wp\/v2\/categories?post=11330"}],"curies":[{"name":"wp","href":"https:\/\/api.w.org\/{rel}","templated":true}]}}