{"id":11862,"date":"2019-02-20T16:00:10","date_gmt":"2019-02-20T21:00:10","guid":{"rendered":"https:\/\/cegepadistance.ca\/home\/cegep-a-distance\/fondation-du-college-de-rosemont\/"},"modified":"2026-01-23T11:07:37","modified_gmt":"2026-01-23T16:07:37","slug":"fondation-du-college-de-rosemont","status":"publish","type":"page","link":"https:\/\/cegepadistance.ca\/en\/fondation-du-college-de-rosemont\/","title":{"rendered":"Fondation du C\u00e9gep de Rosemont"},"content":{"rendered":"<h2>Financial support for your journey<\/h2>\n<h3>If you are an admitted student at C\u00e9gep \u00e0 distance<\/h3>\n<p>Even from a distance, you are an integral part of the C\u00e9gep de Rosemont community.<\/p>\n<p>The mission of the Fondation du C\u00e9gep de Rosemont is to support students, in particular by granting scholarships promoting perseverance and academic success.<\/p>\n<p><a href=\"https:\/\/fondation.crosemont.qc.ca\/pour-nos-etudiants\/bourses-detudes\/\">Learn more about the foundation and the scholarships available on its website<\/a><span lang=\"EN-CA\">\u00a0(in French)<\/span><\/p>\n<h3><b><span lang=\"EN-CA\">If you are studying at another CEGEP<\/span><\/b><\/h3>\n<p><span lang=\"EN-CA\">We invite students from other CEGEPs who are registered with C\u00e9gep \u00e0 distance with a commandite to contact the foundation of their home CEGEP to learn more about available financial support and scholarship opportunities. <\/span><\/p>\n","protected":false},"excerpt":{"rendered":"<p>Financial support for your journey If you are an admitted student at C\u00e9gep \u00e0 distance Even from a distance, you are an integral part of the C\u00e9gep de Rosemont community. The mission of the Fondation du C\u00e9gep de Rosemont is to support students, in particular by granting scholarships promoting perseverance and academic success. Learn more [&hellip;]<\/p>\n","protected":false},"author":2,"featured_media":0,"parent":0,"menu_order":9,"comment_status":"closed","ping_status":"closed","template":"","meta":{"_acf_changed":false,"content-type":"","footnotes":""},"categories":[],"class_list":["post-11862","page","type-page","status-publish","hentry"],"acf":[],"publishpress_future_action":{"enabled":false,"date":"2026-04-13 22:18:00","action":"change-status","newStatus":"draft","terms":[],"taxonomy":"category","extraData":[]},"publishpress_future_workflow_manual_trigger":{"enabledWorkflows":[]},"_links":{"self":[{"href":"https:\/\/cegepadistance.ca\/en\/wp-json\/wp\/v2\/pages\/11862","targetHints":{"allow":["GET"]}}],"collection":[{"href":"https:\/\/cegepadistance.ca\/en\/wp-json\/wp\/v2\/pages"}],"about":[{"href":"https:\/\/cegepadistance.ca\/en\/wp-json\/wp\/v2\/types\/page"}],"author":[{"embeddable":true,"href":"https:\/\/cegepadistance.ca\/en\/wp-json\/wp\/v2\/users\/2"}],"replies":[{"embeddable":true,"href":"https:\/\/cegepadistance.ca\/en\/wp-json\/wp\/v2\/comments?post=11862"}],"version-history":[{"count":7,"href":"https:\/\/cegepadistance.ca\/en\/wp-json\/wp\/v2\/pages\/11862\/revisions"}],"predecessor-version":[{"id":22455,"href":"https:\/\/cegepadistance.ca\/en\/wp-json\/wp\/v2\/pages\/11862\/revisions\/22455"}],"wp:attachment":[{"href":"https:\/\/cegepadistance.ca\/en\/wp-json\/wp\/v2\/media?parent=11862"}],"wp:term":[{"taxonomy":"category","embeddable":true,"href":"https:\/\/cegepadistance.ca\/en\/wp-json\/wp\/v2\/categories?post=11862"}],"curies":[{"name":"wp","href":"https:\/\/api.w.org\/{rel}","templated":true}]}}