{"id":11865,"date":"2019-02-21T16:26:37","date_gmt":"2019-02-21T21:26:37","guid":{"rendered":"https:\/\/cegepadistance.ca\/?page_id=11865"},"modified":"2024-08-19T14:37:36","modified_gmt":"2024-08-19T18:37:36","slug":"corporate-customized-training","status":"publish","type":"page","link":"https:\/\/cegepadistance.ca\/en\/corporate-customized-training\/","title":{"rendered":"\u00c9dago: Corporate &#038; Customized Training"},"content":{"rendered":"<p><img decoding=\"async\" src=\"\/wp-content\/uploads\/2022\/03\/edago_logo_RGB_Bleu-300x94.png\" alt=\"\" width=\"150\" height=\"\" class=\"aligncenter size-medium wp-image-16706\" srcset=\"https:\/\/cegepadistance.ca\/wp-content\/uploads\/2022\/03\/edago_logo_RGB_Bleu-300x94.png 300w, https:\/\/cegepadistance.ca\/wp-content\/uploads\/2022\/03\/edago_logo_RGB_Bleu-1024x321.png 1024w, https:\/\/cegepadistance.ca\/wp-content\/uploads\/2022\/03\/edago_logo_RGB_Bleu-768x241.png 768w, https:\/\/cegepadistance.ca\/wp-content\/uploads\/2022\/03\/edago_logo_RGB_Bleu.png 1372w\" sizes=\"(max-width: 300px) 100vw, 300px\" \/><br \/>\nAre you looking for custom training solutions?<\/p>\n<p>\u00c9dago is the Corporate &#038; Customized Training Service wing of the C\u00e9gep de Rosemont. \u00c9dago&#8217;s team provides consulting expertise in online training development and related services. Discover our selection of services by visiting our website.<\/p>\n<p>Don\u2019t worry! Although our website is only available in French for the moment, our team is fully qualified to work with you in English!<\/p>\n<p><a type=\"button\" class=\"btn btn-default\" href=\"https:\/\/edago.ca\/\">ACCESS<span><\/span><\/a><\/p>\n","protected":false},"excerpt":{"rendered":"<p>Are you looking for custom training solutions? \u00c9dago is the Corporate &#038; Customized Training Service wing of the C\u00e9gep de Rosemont. \u00c9dago&#8217;s team provides consulting expertise in online training development and related services. Discover our selection of services by visiting our website. Don\u2019t worry! Although our website is only available in French for the moment, [&hellip;]<\/p>\n","protected":false},"author":2,"featured_media":0,"parent":0,"menu_order":4,"comment_status":"closed","ping_status":"closed","template":"template-page-nosidebars.php","meta":{"_acf_changed":false,"content-type":"","footnotes":""},"categories":[],"class_list":["post-11865","page","type-page","status-publish","hentry"],"acf":[],"publishpress_future_action":{"enabled":false,"date":"2026-04-17 23:37:15","action":"change-status","newStatus":"draft","terms":[],"taxonomy":"category","extraData":[]},"publishpress_future_workflow_manual_trigger":{"enabledWorkflows":[]},"_links":{"self":[{"href":"https:\/\/cegepadistance.ca\/en\/wp-json\/wp\/v2\/pages\/11865","targetHints":{"allow":["GET"]}}],"collection":[{"href":"https:\/\/cegepadistance.ca\/en\/wp-json\/wp\/v2\/pages"}],"about":[{"href":"https:\/\/cegepadistance.ca\/en\/wp-json\/wp\/v2\/types\/page"}],"author":[{"embeddable":true,"href":"https:\/\/cegepadistance.ca\/en\/wp-json\/wp\/v2\/users\/2"}],"replies":[{"embeddable":true,"href":"https:\/\/cegepadistance.ca\/en\/wp-json\/wp\/v2\/comments?post=11865"}],"version-history":[{"count":7,"href":"https:\/\/cegepadistance.ca\/en\/wp-json\/wp\/v2\/pages\/11865\/revisions"}],"predecessor-version":[{"id":20724,"href":"https:\/\/cegepadistance.ca\/en\/wp-json\/wp\/v2\/pages\/11865\/revisions\/20724"}],"wp:attachment":[{"href":"https:\/\/cegepadistance.ca\/en\/wp-json\/wp\/v2\/media?parent=11865"}],"wp:term":[{"taxonomy":"category","embeddable":true,"href":"https:\/\/cegepadistance.ca\/en\/wp-json\/wp\/v2\/categories?post=11865"}],"curies":[{"name":"wp","href":"https:\/\/api.w.org\/{rel}","templated":true}]}}