{"id":9907,"date":"2018-05-17T14:22:54","date_gmt":"2018-05-17T18:22:54","guid":{"rendered":""},"modified":"2022-03-28T13:43:42","modified_gmt":"2022-03-28T17:43:42","slug":"home","status":"publish","type":"page","link":"https:\/\/cegepadistance.ca\/en\/","title":{"rendered":"Home"},"content":{"rendered":"<div class=\"home-section banner\" style=\"background-image:url(\/wp-content\/uploads\/2020\/07\/accueil1.jpg)\">\n<div class=\"col-xs-8  col-lg-4\">\n<div class=\"block\">\n<h1>C\u00e9gep \u00e0<br \/>\ndistance: Higher<br \/>\nEducation Your Way!<\/h1>\n<p><!--<a type=\"button\" class=\"btn btn-default\" href=\"\/en\/home\/studying-at-cegep-a-distance\/discover-studying-at-cegep-a-distance\/\">ACCESS<\/a>--><\/p>\n<\/div>\n<\/div>\n<\/div>\n<div class=\"clearfix\"><\/div>\n<div class=\"\">\n<div class=\"col-xs-12 col-sm-4 step-box flex-box bg-blue\">\n<div class=\"block\">\n<h3><strong>01.<\/strong><\/h3>\n<h3>Discover<\/h3>\n<p>To learn all about C\u00e9gep \u00e0 distance and its benefits!<\/p>\n<p><a type=\"button\" class=\"btn btn-default\" href=\"\/en\/home\/studying-at-cegep-a-distance\/discover-studying-at-cegep-a-distance\/\">Click here<span><\/span><\/a><\/p>\n<\/div>\n<\/div>\n<div class=\"col-xs-12 col-sm-4 step-box box flex-box\">\n<div class=\"block\">\n<h3><strong>02.<\/strong><\/h3>\n<h3>Choose<\/h3>\n<p>Find the right training from the variety of courses we offer.<\/p>\n<p><a type=\"button\" class=\"btn btn-default\" href=\"\/en\/home\/programs-and-courses\/\">Click here<span><\/span><\/a><\/p>\n<\/div>\n<\/div>\n<div class=\"col-xs-12 col-sm-4 step-box flex-box bg-blue\">\n<div class=\"block\">\n<h3><strong>03.<\/strong><\/h3>\n<h3>Register<\/h3>\n<p>Register on-line at any time!<\/p>\n<p><a type=\"button\" class=\"btn btn-default\" href=\"\/en\/home\/applying-and-registering\/\">Click here<span><\/span><\/a><\/p>\n<\/div>\n<\/div>\n<\/div>\n<div class=\"home-section bg-4\">\n<div class=\"col-xs-6  col-sm-4 text-box\" data-equalizer=\"bg4\">\n<div class=\"block\">\n<h3>Services for education network stakeholders<\/h3>\n<p class=\"hidden-xs\" data-equalizer=\"reseau\">Discover the benefits of offering your students an authorization to study at C\u00e9gep \u00e0 distance and how we support CEGEPs and teachers.<\/p>\n<p>            <a href=\"\/en\/home\/education-network\/\"><span><\/span><\/a><\/p>\n<div class=\"chevron\"><img decoding=\"async\" src=\"\/wp-content\/uploads\/2013\/01\/back-chevron.png\"><\/div>\n<\/div>\n<\/div>\n<div class=\"col-xs-6  col-sm-4 text-box blue\" data-equalizer=\"bg4\">\n<div class=\"block\">\n<h3>\u00c9dago: Corporate &amp; customized training<\/h3>\n<p class=\"hidden-xs\" data-equalizer=\"reseau\">Take advantage of distance learning services tailored to your organization!<\/p>\n<p>            <a href=\"https:\/\/cegepadistance.ca\/en\/home\/corporate-customized-training\/\"><span><\/span><\/a><\/p>\n<div class=\"chevron\"><img decoding=\"async\" src=\"\/wp-content\/uploads\/2013\/01\/back-chevron-white.png\"><\/div>\n<\/div>\n<\/div>\n<div class=\"col-sm-4 image-box col-xs-6  hidden-xs\" data-equalizer=\"bg4\" style=\"background-image: url(\/wp-content\/uploads\/2020\/07\/accueil4.jpg);\"><\/div>\n<\/div>\n<div class=\"clearfix\"><\/div>\n","protected":false},"excerpt":{"rendered":"<p>C\u00e9gep \u00e0 distance: Higher Education Your Way! 01. Discover To learn all about C\u00e9gep \u00e0 distance and its benefits! Click here 02. Choose Find the right training from the variety of courses we offer. Click here 03. Register Register on-line at any time! Click here Services for education network stakeholders Discover the benefits of offering [&hellip;]<\/p>\n","protected":false},"author":2,"featured_media":0,"parent":0,"menu_order":1,"comment_status":"open","ping_status":"open","template":"template-accueil.php","meta":{"_acf_changed":false,"content-type":"","footnotes":""},"categories":[],"class_list":["post-9907","page","type-page","status-publish","hentry"],"acf":[],"publishpress_future_action":{"enabled":false,"date":"2026-04-19 08:23:28","action":"change-status","newStatus":"draft","terms":[],"taxonomy":"category","extraData":[]},"publishpress_future_workflow_manual_trigger":{"enabledWorkflows":[]},"_links":{"self":[{"href":"https:\/\/cegepadistance.ca\/en\/wp-json\/wp\/v2\/pages\/9907","targetHints":{"allow":["GET"]}}],"collection":[{"href":"https:\/\/cegepadistance.ca\/en\/wp-json\/wp\/v2\/pages"}],"about":[{"href":"https:\/\/cegepadistance.ca\/en\/wp-json\/wp\/v2\/types\/page"}],"author":[{"embeddable":true,"href":"https:\/\/cegepadistance.ca\/en\/wp-json\/wp\/v2\/users\/2"}],"replies":[{"embeddable":true,"href":"https:\/\/cegepadistance.ca\/en\/wp-json\/wp\/v2\/comments?post=9907"}],"version-history":[{"count":3,"href":"https:\/\/cegepadistance.ca\/en\/wp-json\/wp\/v2\/pages\/9907\/revisions"}],"predecessor-version":[{"id":16705,"href":"https:\/\/cegepadistance.ca\/en\/wp-json\/wp\/v2\/pages\/9907\/revisions\/16705"}],"wp:attachment":[{"href":"https:\/\/cegepadistance.ca\/en\/wp-json\/wp\/v2\/media?parent=9907"}],"wp:term":[{"taxonomy":"category","embeddable":true,"href":"https:\/\/cegepadistance.ca\/en\/wp-json\/wp\/v2\/categories?post=9907"}],"curies":[{"name":"wp","href":"https:\/\/api.w.org\/{rel}","templated":true}]}}