{"id":9923,"date":"2018-01-15T16:57:43","date_gmt":"2018-01-15T21:57:43","guid":{"rendered":""},"modified":"2021-10-18T11:03:14","modified_gmt":"2021-10-18T15:03:14","slug":"discover-studying-at-cegep-a-distance","status":"publish","type":"page","link":"https:\/\/cegepadistance.ca\/en\/home\/studying-at-cegep-a-distance\/discover-studying-at-cegep-a-distance\/","title":{"rendered":"Discover studying at C\u00e9gep \u00e0 distance"},"content":{"rendered":"<div class=\"decouvrez-banner\" style=\"background-image: url('\/wp-content\/uploads\/2018\/01\/decouvrez0.jpg');\">\n<div class=\"col-xs-8 col-md-4\">\n<div class=\"block\">\n<h1>Discover studying at C\u00e9gep \u00e0 distance<\/h1>\n<\/div>\n<\/div>\n<\/div>\n<div class=\"first-bloc\">\n<div class=\" col-sm-8 bg-blue\">\n<div class=\"block\">\n<h3>Our commitment<\/h3>\n<p>At C\u00e9gep \u00e0 distance, you study where and when you want. C\u00e9gep \u00e0 distance is the ideal way to balance family, work, and studies.<\/p>\n<h3>To get the most out of your visit<\/h3>\n<p>We suggest <a href=\"https:\/\/cegepadistance.ca\/en\/home\/studying-at-cegep-a-distance\/discover-studying-at-cegep-a-distance\/three-steps-to-make-an-informed-decision\/\">three steps to make an informed decision<\/a>, corresponding to three sections of our web site. To move easily between the steps, you can open the menu to your right or use the <a href=\"#pied_de_page\">footer of this web page<\/a>.<\/p>\n<\/div>\n<\/div>\n<div class=\"col-sm-4 bg-image bg1 hidden-xs\" style=\"background-image: url('\/wp-content\/uploads\/2018\/01\/decouvrez1.jpg');\"><\/div>\n<\/div>\n<div class=\"clearfix\"><\/div>\n<div class=\"bg-white col-sm-12\">\n<div class=\"col-sm-8 col-sm-offset-2\">\n<div>\n<hr class=\"sm-small\" \/>\n<hr class=\"sm-small\" \/>\n<hr class=\"md-small\" \/>\n<h2 class=\"big\">\u201cThere are tons of advantages to studying at C\u00e9gep \u00e0 distance\u201d<\/h2>\n<hr class=\"sm\" \/>\n<hr class=\"md-small\" \/>\n<\/div>\n<\/div>\n<\/div>\n<div class=\"clearfix\"><\/div>\n<div class=\"middle-section\">\n<div class=\"col-sm-4 bg-white \">\n<div class=\"block\">\n<h3 class=\"big\" data-equalizer=\"title2\">Flexibility for your studies<\/h3>\n<ul data-equalizer=\"equalhight2\">\n<li><span lang=\"EN-CA\">Finish your studies at your own pace, wherever you want, whenever you want<\/span><\/li>\n<li><span lang=\"EN-CA\">Take from one to four courses at a time<\/span><\/li>\n<li><span lang=\"EN-CA\">Online registration that is available at any time<\/span><\/li>\n<li><span lang=\"EN-CA\">Take up to six months to submit your assignments<\/span><\/li>\n<li><span lang=\"EN-CA\">Take up to three months to write your final evaluations after your final assignment is marked<\/span><\/li>\n<\/ul>\n<\/div>\n<\/div>\n<div class=\"col-sm-4 bg-white\">\n<div class=\"block\">\n<p><img decoding=\"async\" src=\"\/wp-content\/uploads\/2020\/05\/ICON_High_Ed_vertical.jpg\" alt=\"\" width=\"734\" height=\"\" class=\"aligncenter size-full wp-image-14281\" srcset=\"https:\/\/cegepadistance.ca\/wp-content\/uploads\/2020\/05\/ICON_High_Ed_vertical.jpg 1080w, https:\/\/cegepadistance.ca\/wp-content\/uploads\/2020\/05\/ICON_High_Ed_vertical-169x300.jpg 169w, https:\/\/cegepadistance.ca\/wp-content\/uploads\/2020\/05\/ICON_High_Ed_vertical-768x1365.jpg 768w, https:\/\/cegepadistance.ca\/wp-content\/uploads\/2020\/05\/ICON_High_Ed_vertical-576x1024.jpg 576w\" sizes=\"(max-width: 1080px) 100vw, 1080px\" \/><\/p>\n<\/div>\n<\/div>\n<div class=\"col-sm-4 bg-white \">\n<div class=\"block\">\n<h3 class=\"big\" data-equalizer=\"title2\">Support throughout your learning path<\/h3>\n<ul data-equalizer=\"equalhight2\">\n<li><span lang=\"EN-CA\">A tutor to accompany you and a team at C\u00e9gep \u00e0 distance to support your academic progress<\/span><\/li>\n<li><span lang=\"EN-CA\">Financial aid available subject to your eligibility<\/span><\/li>\n<\/ul>\n<\/div>\n<\/div>\n<\/div>\n<div class=\"clearfix\"><\/div>\n<div class=\"col-sm-12 bg-white text-center\">\n<div class=\"\">\n<hr class=\"sm-small\" \/>\n<hr class=\"md-small\" \/>\n<h2 class=\"big\">Studying at C\u00e9gep \u00e0 distance<\/h2>\n<hr class=\"sm-small\" \/>\n<hr class=\"md-small\" \/>\n<\/div>\n<\/div>\n<div class=\"col-sm-8 bg-blue\" data-equalizer=\"equalhight3\">\n<div class=\"block\">\n<h3 class=\"big\">How is C\u00e9gep \u00e0 distance useful for me? Will I be able to successfully complete my studies through distance education?<\/h3>\n<p>To learn more about the selection of services offered and explore how C\u00e9gep \u00e0 distance can help you to achieve your educational objectives, visit the <a href=\"https:\/\/courseselectionguide.cegepadistance.ca\/courses\">Courses<\/a> and <a href=\"https:\/\/courseselectionguide.cegepadistance.ca\/programs\/\">Programs<\/a> sections of the <a href=\"https:\/\/courseselectionguide.cegepadistance.ca\/\">Course Selection Guide<\/a>.<\/p>\n<p>If you are hesitating to start your distance education, we invite you try out <a href=\"https:\/\/cegepadistance.ca\/en\/home\/studying-at-cegep-a-distance\/discover-studying-at-cegep-a-distance\/quizzes\/\" rel=\"noopener noreferrer\" target=\"_blank\">three quick tests<\/a> to help you make an informed decision.<\/p>\n<h3 class=\"big\">Is the training recognized? Will I receive a diploma?<\/h3>\n<p><span lang=\"EN-CA\">C\u00e9gep \u00e0 distance is an integral part of the Coll\u00e8ge de Rosemont. As a C\u00e9gep \u00e0 distance student, you will be subject to the policies and regulations in effect at the Coll\u00e8ge de Rosemont. If you graduate from C\u00e9gep \u00e0 distance, you will receive a diploma or attestation bearing Rosemont\u2019s seal.<\/span><\/p>\n<\/div>\n<\/div>\n<div class=\"col-sm-4 bg-image bg3\" data-equalizer=\"equalhight3\" style=\"background-image: url('\/wp-content\/uploads\/2018\/01\/decouvrez3.jpg');\"><\/div>\n<div class=\"clearfix\"><\/div>\n<div class=\"middle-section\">\n<div class=\"col-sm-4\">\n<div class=\"block\">\n<h3 class=\"big\" data-equalizer=\"titre1\">Your way : personalized support<\/h3>\n<p><span lang=\"EN-CA\">Beginning prior to your enrolment and all the way up until you earn your diploma, the C\u00e9gep \u00e0 distance staff will guide you along your educational path and support you during your learning. A tutor specialized in the subject matter\u2014usually a CEGEP teacher\u2014is assigned to you in every course and will answer your questions by phone or by email within two business days. Your tutor corrects your assignments and your final examination, and may also help you to prepare for these evaluations. Check out our <\/span><a href=\"https:\/\/cegepadistance.ca\/en\/home\/studying-at-cegep-a-distance\/decouvrez-les-etudes-au-cegep-a-distance\/student-support-and-supervision\/\" title=\"Student support and supervision\"><span lang=\"EN-CA\">Student support and supervision page<\/span><\/a><span lang=\"EN-CA\"> for more details.<\/span><\/p>\n<\/div>\n<\/div>\n<div class=\"col-sm-4 bg-blue\">\n<div class=\"block\">\n<h3 class=\"big\" data-equalizer=\"titre1\">Continuous registration<\/h3>\n<div data-equalizer=\"equalhight4\">\n<p><span lang=\"EN-CA\">At C\u00e9gep \u00e0 distance, you can register at any time<\/span>.<\/p>\n<p><span lang=\"EN-CA\">Since the courses are self-paced, you can enrol whenever you choose, at any time of the year. You can take up to four courses at a time.<\/span><\/p>\n<p>&nbsp;<\/p>\n<p class=\"hidden-xs\"><a href=\"https:\/\/cegepadistance.ca\/en\/home\/applying-and-registering\/\" class=\"btn btn-default btn-block\" target=\"_blank\" rel=\"noopener noreferrer\">I want to register today!<\/a><\/p>\n<\/div>\n<\/div>\n<\/div>\n<div class=\"col-sm-4 \">\n<div class=\"block no-block-sm\">\n<hr class=\"sm\" \/>\n<h3 class=\"big\" data-equalizer=\"titre1\">Study wherever and whenever you want<\/h3>\n<p><span lang=\"EN-CA\">You can study wherever and whenever you want, at the pace that suits you best. Just set a study schedule based on your educational, professional, and family activities. This means that you can decide whether to work intensively through the course or take the entire six months of time allotted to you. You just need to ensure that you respect the guidelines detailed in the <a href=\"\/en\/home\/registered-students-access\/regulations-and-instructions\/off-to-a-good-start-and-introduction-and-instructions\/\">Introduction and Instructions guide<\/a>. C\u00e9gep \u00e0 distance students take, on average, four and a half months to complete their courses.<\/span><\/p>\n<hr class=\"sm\" \/>\n<\/div>\n<\/div>\n<\/div>\n<div class=\"clearfix\"><\/div>\n<div class=\"col-sm-8 bg-blue\" data-equalizer=\"equalhight5\">\n<div class=\"block\">\n<h3 class=\"big\">Learning Materials<\/h3>\n<p><span lang=\"EN-CA\">We recommend that you begin working on a course as soon as you receive your materials, so that you can make some immediate progress and set the pace for your studies.<\/span><\/p>\n<p><span lang=\"EN-CA\">You will receive course materials by mail or through the Internet.\u00a0<\/span>They usually include:<\/p>\n<ul>\n<li><span lang=\"EN-CA\">A user code and a password to log on to the online Campus<\/span><\/li>\n<li>A study guide<\/li>\n<li><span lang=\"EN-CA\">A textbook with a workbook or course pack<\/span><\/li>\n<li>Exercises, answer keys, and assignments<\/li>\n<\/ul>\n<p><span lang=\"EN-CA\">The courses offered at C\u00e9gep \u00e0 distance tend to use a multimedia format\u2014that is, they use many different media (websites, audiovisual clips, MP3, videos, PDF or print documents, etc.) to create a dynamic and interactive learning process.<\/span><\/p>\n<h4>Receiving your materials and starting your course<\/h4>\n<p><span lang=\"EN-CA\">Make sure that your package contains all the materials you need, plan your schedule, and get started right away. We recommend that you submit your first assignment within six weeks of registering.<\/span><\/p>\n<\/div>\n<\/div>\n<div class=\"col-sm-4 bg-image bg4 hidden-xs\" data-equalizer=\"equalhight5\" style=\"background-image: url('\/wp-content\/uploads\/2018\/01\/decouvrez4.jpg');\"><\/div>\n<div class=\"clearfix\"><\/div>\n<div class=\"col-sm-4 bg-image bg5 hidden-xs\" data-equalizer=\"equalhight6\" style=\"background-image: url('\/wp-content\/uploads\/2018\/01\/decouvrez5.jpg');\"><\/div>\n<div class=\"col-sm-8 \" data-equalizer=\"equalhight6\">\n<div class=\"block \">\n&nbsp;<br \/>\n&nbsp;<br \/>\n&nbsp;<br \/>\n&nbsp;<br \/>\n&nbsp;<\/p>\n<h3 class=\"big\">Evaluation<\/h3>\n<h4>Plan your schedule<\/h4>\n<p><span lang=\"EN-CA\">The exams are available online, in the learning environment.<\/span><\/p>\n<p><span lang=\"EN-CA\">The courses include three to seven assignments. You have a maximum of six months to submit your final assignment under C\u00e9gep \u00e0 distance rules. After that, you have to take one or more final exams no more than three months after your tutor records the mark for your final assignment. Certain conditions apply to some courses.<\/span><\/p>\n<p>&nbsp;&nbsp;<\/p>\n<h3>R Score<\/h3>\n<p><span lang=\"EN-CA\">For information about the R score at C\u00e9gep \u00e0 distance, go to <\/span><a href=\"https:\/\/cegepadistance.ca\/en\/home\/etudiant-inscrit-acces\/regulations-and-instructions\/r-score\/\" title=\"R score\"><span lang=\"EN-CA\">cegepadistance.ca\/rscore<\/span><\/a><span lang=\"EN-CA\">.<\/span><\/p>\n<p>&nbsp;<br \/>\n&nbsp;<br \/>\n&nbsp;<br \/>\n&nbsp;\n<\/p><\/div>\n<\/div>\n<div class=\"col-sm-8 bg-blue \" data-equalizer=\"equalhight7\">\n<div class=\"block\">\n<h3 class=\"big\">Fees<\/h3>\n<p><span lang=\"EN-CA\">Tuition fees are the same in all public CEGEPs. If you have a right to tuition-free studies, you do not have to pay tuition fees. You <b>always <\/b>have to pay for the course materials, which are <b>never <\/b>refundable. See <\/span><a href=\"https:\/\/cegepadistance.ca\/en\/home\/studying-at-cegep-a-distance\/information-about-registration\/fees\/\" title=\"Fees\"><span lang=\"EN-CA\">Fees<\/span><\/a><span lang=\"EN-CA\"> for more details.<\/span><\/p>\n<h4>Cost of taking a complete program<\/h4>\n<p><span lang=\"EN-CA\">If you are planning to enrol in one of our programs in French, please note that only the courses you register for in your registration session are included in the calculation of the fees to pay when you register (see the description of each course). This allows you to spread out the cost of all the program courses over the total duration of your studies. The total cost of taking a program may vary. If you would like an estimate of the total cost, you have to add up the material costs for each course and all tuition fees, if any, based on your student status and your eligibility for tuition-free studies (see <\/span><a href=\"https:\/\/cegepadistance.ca\/en\/home\/studying-at-cegep-a-distance\/information-about-registration\/fees\/\" title=\"Fees\"><span lang=\"EN-CA\">Fees<\/span><\/a><span lang=\"EN-CA\"> and the Student status and tuition-free studies section of this page). Other factors may also influence the total amount of fees you have to pay.<\/span><\/p>\n<\/div>\n<\/div>\n<div class=\"col-sm-4 bg-image bg6 hidden-xs\" data-equalizer=\"equalhight7\" style=\"background-image: url('\/wp-content\/uploads\/2018\/01\/decouvrez6.jpg');\"><\/div>\n<div class=\"clearfix\"><\/div>\n<p><a id=\"pied_de_page\"><\/a><\/p>\n","protected":false},"excerpt":{"rendered":"<p>Discover studying at C\u00e9gep \u00e0 distance Our commitment At C\u00e9gep \u00e0 distance, you study where and when you want. C\u00e9gep \u00e0 distance is the ideal way to balance family, work, and studies. To get the most out of your visit We suggest three steps to make an informed decision, corresponding to three sections of our [&hellip;]<\/p>\n","protected":false},"author":2,"featured_media":0,"parent":11213,"menu_order":1,"comment_status":"closed","ping_status":"closed","template":"page-decouvrez-accueil.php","meta":{"_acf_changed":false,"content-type":"","footnotes":""},"categories":[],"class_list":["post-9923","page","type-page","status-publish","hentry"],"acf":[],"publishpress_future_action":{"enabled":false,"date":"2026-04-16 13:59:10","action":"change-status","newStatus":"draft","terms":[],"taxonomy":"category","extraData":[]},"publishpress_future_workflow_manual_trigger":{"enabledWorkflows":[]},"_links":{"self":[{"href":"https:\/\/cegepadistance.ca\/en\/wp-json\/wp\/v2\/pages\/9923","targetHints":{"allow":["GET"]}}],"collection":[{"href":"https:\/\/cegepadistance.ca\/en\/wp-json\/wp\/v2\/pages"}],"about":[{"href":"https:\/\/cegepadistance.ca\/en\/wp-json\/wp\/v2\/types\/page"}],"author":[{"embeddable":true,"href":"https:\/\/cegepadistance.ca\/en\/wp-json\/wp\/v2\/users\/2"}],"replies":[{"embeddable":true,"href":"https:\/\/cegepadistance.ca\/en\/wp-json\/wp\/v2\/comments?post=9923"}],"version-history":[{"count":10,"href":"https:\/\/cegepadistance.ca\/en\/wp-json\/wp\/v2\/pages\/9923\/revisions"}],"predecessor-version":[{"id":15620,"href":"https:\/\/cegepadistance.ca\/en\/wp-json\/wp\/v2\/pages\/9923\/revisions\/15620"}],"up":[{"embeddable":true,"href":"https:\/\/cegepadistance.ca\/en\/wp-json\/wp\/v2\/pages\/11213"}],"wp:attachment":[{"href":"https:\/\/cegepadistance.ca\/en\/wp-json\/wp\/v2\/media?parent=9923"}],"wp:term":[{"taxonomy":"category","embeddable":true,"href":"https:\/\/cegepadistance.ca\/en\/wp-json\/wp\/v2\/categories?post=9923"}],"curies":[{"name":"wp","href":"https:\/\/api.w.org\/{rel}","templated":true}]}}