{"id":9968,"date":"2018-06-14T13:51:04","date_gmt":"2018-06-14T17:51:04","guid":{"rendered":"https:\/\/cegepadistance.ca\/?page_id=9968"},"modified":"2024-10-07T15:10:37","modified_gmt":"2024-10-07T19:10:37","slug":"registered-students-access","status":"publish","type":"page","link":"https:\/\/cegepadistance.ca\/en\/home\/registered-students-access\/","title":{"rendered":"Registered Student"},"content":{"rendered":"<div class=\"reaseau-banner\" style=\"background-image: url('\/wp-content\/uploads\/2013\/01\/choisir1.jpg');\">\n<div class=\"col-xs-8 col-sm-5 \">\n<div class=\"block\">\n<h1>Registered Student Login, Information, and Services<\/h1>\n<\/div>\n<\/div>\n<\/div>\n\n<div class=\"col-xs-12 col-sm-4 block-wrapper\">\n<div class=\"block access\">\n<h3 data-equalizer=\"titre2\">Important messages<\/h3>\n<div data-equalizer=\"text2\">\n\n<div class=\"lbo-toggle-box gradient-box\">\n<h3>To contact your tutor<\/h3>\n<p><strong>To contact your tutor<\/strong><\/p>\n<p>You can contact your tutor using the messaging system in your Campus or call them on the phone. <\/p>\n<p><small><span>&#9993;<\/span> Campus messaging system (email)<\/small><\/p>\n<p><small><span>&#9742;<\/span> 514-864-6464 or 1 800-864-6400<\/p>\n<p>In the main menu, press 2 and then enter the tutor&#8217;s voice mail box number (that number is on the welcome letter).<\/small><\/p>\n<\/div>\n<div class=\"clearfix\"><\/div>\n<div class=\"lbo-toggle-box gradient-box\">\n<h3>Plagiarism and fraud<\/h3>\n<h4>Avoid situations that might stand in the way of your success<\/h4>\n<p><span>Every year, a number of students are penalized for plagiarism or fraud. Some students who find themselves in this situation wrongly believed that what they were doing was acceptable. We therefore encourage you to read the <\/span><a title=\"Plagiarism and fraud \u2013 Examples and sanctions\" href=\"https:\/\/cegepadistance.ca\/en\/home\/etudiant-inscrit-acces\/regulations-and-instructions\/plagiarism-and-fraud-examples-and-sanctions\/\" class=\"\">Plagiarism and fraud \u2013 Examples and sanctions<\/a><span>\u00a0page carefully to avoid situations that may stand in the way of your success.<\/span><\/p>\n<\/div>\n<p>Before you begin your course(s), you must familiarize yourself with the <em><strong><a href=\"\/en\/home\/registered-students-access\/regulations-and-instructions\/off-to-a-good-start-and-introduction-and-instructions\/\">Off to a Good Start!<\/a><\/strong> <\/em>and <strong><a href=\"\/en\/home\/registered-students-access\/regulations-and-instructions\/off-to-a-good-start-and-introduction-and-instructions\/\"><em>Introduction and Instructions<\/em><\/a><\/strong> guides.<\/p>\n<p><!-- \n\n<div class=\"block\">\n\n<a href=\"https:\/\/cegepadistance.ca\/en\/home\/cegep-a-distance\/policies-and-regulations\/\">Policies and regulations<\/a>\n\n<a href=\"https:\/\/cegepadistance.ca\/en\/home\/etudiant-inscrit-acces\/regulations-and-instructions\/r-score\/\">R Score at C\u00e9gep \u00e0 distance<\/a>\n\n<a href=\"https:\/\/cegepadistance.ca\/en\/home\/etudiant-inscrit-acces\/regulations-and-instructions\/frequently-asked-questions\/\">Frequently Asked Questions<\/a>\n\n<\/div>\n\n -->\n<\/div>\n<\/div>\n<\/div>\n<div class=\"col-xs-12 col-sm-4 block-wrapper bg-blue\">\n<div class=\"block access\">\n<h3 data-equalizer=\"titre2\">Access to the Campus<\/h3>\n<div data-equalizer=\"text2\">\n<div class=\"warning-block\" style=\"display: block;\">\n<h3 style=\"text-align: left;\"><em style=\"font-size: 16px;\">Notice<\/em><\/h3>\n<h3 style=\"text-align: left;\"><em style=\"font-size: 16px;\">Maintenance will take place between April 13 and April 30, 2026, temporarily interrupting access to the portal, the admission and registration system and the learning environment.<\/em><\/h3>\n<h3 style=\"text-align: left;\"><em style=\"font-size: 16px;\">Consult the <a href=\"https:\/\/cegepadistance.ca\/en\/blog\/2026\/04\/10\/scheduled-maintenance-notice\/\"><em style=\"color: #0000FF\">maintenance schedule<\/em><\/a>.<\/em><\/h3>\n<h3 style=\"text-align: left;\"><em style=\"font-size: 16px;\"><br \/>\n<\/em><em style=\"font-size: 16px;\">Thank you for your understanding!<\/em><\/h3>\n<\/div>\n<div style=\"display: none;\">\n<p><span class=\"masque\"> Maintenance will take place on February 12, between 07:00 AM and 08:00 AM, temporarily interrupting access to the portal, the admission and registration system and the learning environment. Thank you for your understanding! <\/span><\/p>\n<\/div>\n<p><!-- VOIR LE REUSABLE 9216 POUR PLUS D'INFO SUR CE TEXT-BLOCK; AVEC LE MODE TEXT-BLOCK, DES SAUTS DE LIGNE SONT G\u00c9N\u00c9R\u00c9S AVEC LES COMMENTAIRES, ALORS ON NE PEUT PAS LES INT\u00c9GRER ICI --> <!-- L'acc\u00e8s au portail, au syst\u00e8me d'admission et d'inscription ainsi qu'\u00e0 l'environnement d'apprentissage sera interrompu ce jeudi 9 novembre, entre 7h00 et 8h00 pour des op\u00e9rations de maintenance.\n1. <em> Probl\u00e8me technique en cours:<\/em> <\/br>\nNous \u00e9prouvons pr\u00e9sentement des probl\u00e8mes avec la taille permise pour le d\u00e9p\u00f4t des fichiers dans l'environnement d'apprentissage, nous travaillons activement \u00e0 r\u00e9soudre la situation. <\/br>\nNous vous conseillons de ne pas commencer votre examen en ligne tant que ce probl\u00e8me n'est pas r\u00e9solu. <\/br>\nLes \u00e9ch\u00e9ances de remise des \u00e9valuations (devoirs et examens) des cours seront report\u00e9es en cons\u00e9quence pour tous les \u00e9tudiants.<\/br> <em> PROBL\u00c8ME TECHNIQUE (Mise \u00e0 jour - 20 d\u00e9cembre):<\/em>\nNous surveillons de pr\u00e8s la situation avec notre environnement d'apprentissage, des perturbations pourraient limiter certaines fonctionnalit\u00e9s de la plateforme.<\/br> --><\/p>\n\n<p>Learn more about multi-factor authentication: <a href=\"https:\/\/cegepadistance.ca\/wp-content\/uploads\/2024\/04\/GUI_MFA_CAD_mandatory_students_tutors.pdf\" rel=\"noopener\" target=\"_blank\">MFA Guide<\/a>.<\/p>\n\n<!-- NOTE: CE REUSABLE S'AFFICHE DANS LES PAGES \/en\/home\/applying-and-registering\/register-and-application-status\/ ET \/en\/home\/registered-students-access\/ -->\r\n<!-- NOTE: POUR MASQUER DU CONTENU, AJOUTEZ-Y LES BALISES QUI PR\u00c9C\u00c8DENT ET SUIVENT CETTE NOTE. INVERSEMENT, POUR AFFICHER DU CONTENU, RETIREZ LES BALISES. -->\r\n\r\n\r\n<h2>Access to the Campus<\/h2>\r\n<div class=\"gradient-box\">\r\n\r\n<form action=\"https:\/\/portail.cegepadistance.ca\/colnet\/login.asp?NoRegr=1\" method=\"POST\"><label for=\"UserID\"><strong>User Code<\/strong><\/label><input id=\"txtCodeUsager\" name=\"txtCodeUsager\" type=\"text\" \/>\r\n\r\n<!-- <p><span class=\"warning\">ATTENTION!<\/span> If you log in for the first time since December 6th, 2016, you will be asked to change your password.<\/p> -->\r\n\r\n<label for=\"password\"><strong>Password<\/strong><\/label><input id=\"txtMotDePasse\" name=\"txtMotDePasse\" type=\"password\" \/><input value=\" LOG IN \" id=\"btnConnecter\" name=\"btnConnecter\" type=\"submit\" \/><\/form><p style=\"text-align: right;\"><a href=\"https:\/\/portail.cegepadistance.ca\/colnet\/mpoublie.asp?NR6d5ROk8FIG0R4K\/HJXEO0G\">Forgot password?<\/a><\/p><\/div>\n<\/div>\n<\/div>\n<\/div>\n<div class=\"col-xs-12 col-sm-4 block-wrapper\">\n<div class=\"block\">\n<h3 data-equalizer=\"titre2\">Forms and Tax Receipts<\/h3>\n<div data-equalizer=\"text2\">\n<hr class=\"md-small\" \/>\n<p><a href=\"\/en\/home\/etudiant-inscrit-acces\/official-forms-and-documents\/\" class=\"btn btn-default btn-block\">Forms<\/a><br \/>\n<a href=\"\/en\/home\/etudiant-inscrit-acces\/tax-receipts\/\" class=\"btn btn-default btn-block\">Tax receipts<\/a><\/p>\n<\/div>\n<\/div>\n<\/div>\n<div class=\"col-xs-12 col-sm-4 block-wrapper bg-blue\">\n<div class=\"block\">\n<h3 data-equalizer=\"titre3\">Discover<\/h3>\n<div data-equalizer=\"text3\">\n<p><strong>Student success tools and services offered only to registered students<\/strong><\/p>\n<p>Open the menu to the right to access a variety of information, tools, and services that you can receive as a C\u00e9gep \u00e0 distance student.<\/p>\n<\/div>\n<\/div>\n<\/div>\n<div class=\"col-xs-12 col-sm-4 block-wrapper \">\n<div class=\"block\">\n<h3>Job search<\/h3>\n<div data-equalizer=\"text3\">\n<p><span>If you are a current student, will soon be graduating or are a graduate looking for work, we recommend that you visit the following sites:<\/span><\/p>\n<p><a href=\"https:\/\/magnet.whoplusyou.com\/lp\/campusconnect\" target=\"_blank\" class=\"btn btn-default btn-block\" rel=\"noopener noreferrer\">Online Employment<\/a><\/p>\n<p class=\"text-center\"><em>C\u00e9gep de Rosemont<\/em><\/p>\n<p><a href=\"https:\/\/www.quebec.ca\/en\/employment\/find-job-internship\/student-jobs-internships\/student-employment\" target=\"_blank\" class=\"btn btn-default btn-block\" rel=\"noopener noreferrer\">Student Placement<\/a><\/p>\n<p class=\"text-center\"><em>Emploi Qu\u00e9bec<\/em><\/p>\n<\/div>\n<\/div>\n<\/div>\n<div class=\"col-xs-12 col-sm-4 bg-image bg2 hidden-xs \" style=\"background-image: url('\/wp-content\/uploads\/2013\/05\/inscription3.jpg');\"><\/div>\n","protected":false},"excerpt":{"rendered":"<p>Registered Student Login, Information, and Services Important messages Before you begin your course(s), you must familiarize yourself with the Off to a Good Start! and Introduction and Instructions guides. Access to the Campus Forms and Tax Receipts Forms Tax receipts Discover Student success tools and services offered only to registered students Open the menu to [&hellip;]<\/p>\n","protected":false},"author":2,"featured_media":0,"parent":9907,"menu_order":4,"comment_status":"open","ping_status":"open","template":"template-decouvrez.php","meta":{"_acf_changed":false,"content-type":"","footnotes":""},"categories":[],"class_list":["post-9968","page","type-page","status-publish","hentry"],"acf":[],"publishpress_future_action":{"enabled":false,"date":"2026-04-21 11:02:01","action":"change-status","newStatus":"draft","terms":[],"taxonomy":"category","extraData":[]},"publishpress_future_workflow_manual_trigger":{"enabledWorkflows":[]},"_links":{"self":[{"href":"https:\/\/cegepadistance.ca\/en\/wp-json\/wp\/v2\/pages\/9968","targetHints":{"allow":["GET"]}}],"collection":[{"href":"https:\/\/cegepadistance.ca\/en\/wp-json\/wp\/v2\/pages"}],"about":[{"href":"https:\/\/cegepadistance.ca\/en\/wp-json\/wp\/v2\/types\/page"}],"author":[{"embeddable":true,"href":"https:\/\/cegepadistance.ca\/en\/wp-json\/wp\/v2\/users\/2"}],"replies":[{"embeddable":true,"href":"https:\/\/cegepadistance.ca\/en\/wp-json\/wp\/v2\/comments?post=9968"}],"version-history":[{"count":22,"href":"https:\/\/cegepadistance.ca\/en\/wp-json\/wp\/v2\/pages\/9968\/revisions"}],"predecessor-version":[{"id":20836,"href":"https:\/\/cegepadistance.ca\/en\/wp-json\/wp\/v2\/pages\/9968\/revisions\/20836"}],"up":[{"embeddable":true,"href":"https:\/\/cegepadistance.ca\/en\/wp-json\/wp\/v2\/pages\/9907"}],"wp:attachment":[{"href":"https:\/\/cegepadistance.ca\/en\/wp-json\/wp\/v2\/media?parent=9968"}],"wp:term":[{"taxonomy":"category","embeddable":true,"href":"https:\/\/cegepadistance.ca\/en\/wp-json\/wp\/v2\/categories?post=9968"}],"curies":[{"name":"wp","href":"https:\/\/api.w.org\/{rel}","templated":true}]}}